{"id":444,"date":"2015-04-23T11:46:24","date_gmt":"2015-04-23T09:46:24","guid":{"rendered":"http:\/\/kessu.veebikoda.com\/?page_id=444"},"modified":"2015-04-23T11:46:46","modified_gmt":"2015-04-23T09:46:46","slug":"kampaaja-kosmetologi-ja-hieronta-parnussa-spes-ilutuba","status":"publish","type":"page","link":"https:\/\/uus.iluteenusedparnus.com\/fi\/kampaaja-kosmetologi-ja-hieronta-parnussa-spes-ilutuba\/","title":{"rendered":"Kampaaja, kosmetologi ja hieronta P\u00e4rnussa &#8211; Spes Ilutuba"},"content":{"rendered":"<div class=\"wpb_wrapper\">\n<h3>El\u00e4m\u00e4ss\u00e4 on kauneus!\u00a0<b> <\/b><\/h3>\n<p>Kauneushoitola \u201dSpes Ilutuba\u201d on korkeatasoinen hyvinvointi- ja kauneushoitola. Toiminta-ajatuksenamme on tarjota kokonaisvaltaista kauneuden- ja ihonhoitoa sek\u00e4 hyvinvointia asiakkaillemme.<\/p>\n<p>Anna itsellesi lupa hyv\u00e4\u00e4n oloon. Haluamme tarjota sinulle hoitoa, mik\u00e4 antaa sinulle Itsevarmuutta, tyytyv\u00e4isyytt\u00e4\u00a0 ja kauniisti huoliteltua ulkon\u00e4k\u00f6\u00e4. Palvelemme Sinua viihtyisiss\u00e4 tiloissa yksil\u00f6llisesti ja ammattitaidolla.<\/p>\n<p>Arvostamme yst\u00e4v\u00e4llist\u00e4 ymp\u00e4rist\u00f6\u00e4 ja ammattimaista ty\u00f6t\u00e4. \u00a0Olet tervetullut my\u00f6s ilman ajanvarausta. Hoitolan hyv\u00e4 sijainti ja saatavilla olevat parkkipaikat helpottaa meill\u00e4 vierailun.<\/p>\n<p>Otamme huomioon asiakkaan toiveet ja neuvomme. Kampaamo puolella tarjoamme muodonmuutoksen, juhlakampauksen tai perus huolenpidon.\u00a0 Kosmetologi tarjoaa rentouttavaa kasvohoitoa, kauniit ripset tai miellytt\u00e4v\u00e4n k\u00e4sihoidon jokaiselle p\u00e4iv\u00e4lle.<\/p>\n<\/div>\n","protected":false},"excerpt":{"rendered":"<p>El\u00e4m\u00e4ss\u00e4 on kauneus!\u00a0 Kauneushoitola \u201dSpes Ilutuba\u201d on korkeatasoinen hyvinvointi- ja kauneushoitola. Toiminta-ajatuksenamme on tarjota kokonaisvaltaista kauneuden- ja ihonhoitoa sek\u00e4 hyvinvointia asiakkaillemme. Anna itsellesi lupa hyv\u00e4\u00e4n oloon. Haluamme tarjota sinulle hoitoa, mik\u00e4 antaa sinulle Itsevarmuutta, tyytyv\u00e4isyytt\u00e4\u00a0 ja kauniisti huoliteltua ulkon\u00e4k\u00f6\u00e4. Palvelemme Sinua viihtyisiss\u00e4 tiloissa yksil\u00f6llisesti ja ammattitaidolla. Arvostamme yst\u00e4v\u00e4llist\u00e4 ymp\u00e4rist\u00f6\u00e4 ja ammattimaista ty\u00f6t\u00e4. \u00a0Olet tervetullut my\u00f6s [&hellip;]<\/p>\n","protected":false},"author":6,"featured_media":0,"parent":0,"menu_order":0,"comment_status":"open","ping_status":"open","template":"","meta":{"_uag_custom_page_level_css":"","footnotes":""},"class_list":["post-444","page","type-page","status-publish","hentry"],"blocksy_meta":[],"yoast_head":"<!-- This site is optimized with the Yoast SEO plugin v26.3 - https:\/\/yoast.com\/wordpress\/plugins\/seo\/ -->\n<title>Kampaaja, kosmetologi ja hieronta P\u00e4rnussa - Spes Ilutuba<\/title>\n<meta name=\"description\" content=\"Kampaaja, kosmetologi ja hieronta P\u00e4rnussa - Spes Ilutuba. Kauneushoitola \u201dSpes Ilutuba\u201d on korkeatasoinen hyvinvointi- ja kauneushoitola.\" \/>\n<meta name=\"robots\" content=\"noindex, follow, max-snippet:-1, max-image-preview:large, max-video-preview:-1\" \/>\n<meta property=\"og:locale\" content=\"fi_FI\" \/>\n<meta property=\"og:type\" content=\"article\" \/>\n<meta property=\"og:title\" content=\"Kampaaja, kosmetologi ja hieronta P\u00e4rnussa - Spes Ilutuba\" \/>\n<meta property=\"og:description\" content=\"Kampaaja, kosmetologi ja hieronta P\u00e4rnussa - Spes Ilutuba. Kauneushoitola \u201dSpes Ilutuba\u201d on korkeatasoinen hyvinvointi- ja kauneushoitola.\" \/>\n<meta property=\"og:url\" content=\"https:\/\/uus.iluteenusedparnus.com\/fi\/kampaaja-kosmetologi-ja-hieronta-parnussa-spes-ilutuba\/\" \/>\n<meta property=\"og:site_name\" content=\"SPES Ilutuba - Ilusalong P&auml;rnus\" \/>\n<meta property=\"article:modified_time\" content=\"2015-04-23T09:46:46+00:00\" \/>\n<meta name=\"twitter:label1\" content=\"Arvioitu lukuaika\" \/>\n\t<meta name=\"twitter:data1\" content=\"1 minuutti\" \/>\n<script type=\"application\/ld+json\" class=\"yoast-schema-graph\">{\"@context\":\"https:\/\/schema.org\",\"@graph\":[{\"@type\":\"WebPage\",\"@id\":\"https:\/\/uus.iluteenusedparnus.com\/fi\/kampaaja-kosmetologi-ja-hieronta-parnussa-spes-ilutuba\/\",\"url\":\"https:\/\/uus.iluteenusedparnus.com\/fi\/kampaaja-kosmetologi-ja-hieronta-parnussa-spes-ilutuba\/\",\"name\":\"Kampaaja, kosmetologi ja hieronta P\u00e4rnussa - Spes Ilutuba\",\"isPartOf\":{\"@id\":\"https:\/\/uus.iluteenusedparnus.com\/#website\"},\"datePublished\":\"2015-04-23T09:46:24+00:00\",\"dateModified\":\"2015-04-23T09:46:46+00:00\",\"description\":\"Kampaaja, kosmetologi ja hieronta P\u00e4rnussa - Spes Ilutuba. Kauneushoitola \u201dSpes Ilutuba\u201d on korkeatasoinen hyvinvointi- ja kauneushoitola.\",\"breadcrumb\":{\"@id\":\"https:\/\/uus.iluteenusedparnus.com\/fi\/kampaaja-kosmetologi-ja-hieronta-parnussa-spes-ilutuba\/#breadcrumb\"},\"inLanguage\":\"fi\",\"potentialAction\":[{\"@type\":\"ReadAction\",\"target\":[\"https:\/\/uus.iluteenusedparnus.com\/fi\/kampaaja-kosmetologi-ja-hieronta-parnussa-spes-ilutuba\/\"]}]},{\"@type\":\"BreadcrumbList\",\"@id\":\"https:\/\/uus.iluteenusedparnus.com\/fi\/kampaaja-kosmetologi-ja-hieronta-parnussa-spes-ilutuba\/#breadcrumb\",\"itemListElement\":[{\"@type\":\"ListItem\",\"position\":1,\"name\":\"Home\",\"item\":\"https:\/\/uus.iluteenusedparnus.com\/fi\/\"},{\"@type\":\"ListItem\",\"position\":2,\"name\":\"Kampaaja, kosmetologi ja hieronta P\u00e4rnussa &#8211; Spes Ilutuba\"}]},{\"@type\":\"WebSite\",\"@id\":\"https:\/\/uus.iluteenusedparnus.com\/#website\",\"url\":\"https:\/\/uus.iluteenusedparnus.com\/\",\"name\":\"SPES Ilutuba - Ilusalong P&auml;rnus\",\"description\":\"Juuksur, kosmeetik ja iluteenused\",\"potentialAction\":[{\"@type\":\"SearchAction\",\"target\":{\"@type\":\"EntryPoint\",\"urlTemplate\":\"https:\/\/uus.iluteenusedparnus.com\/?s={search_term_string}\"},\"query-input\":{\"@type\":\"PropertyValueSpecification\",\"valueRequired\":true,\"valueName\":\"search_term_string\"}}],\"inLanguage\":\"fi\"}]}<\/script>\n<!-- \/ Yoast SEO plugin. -->","yoast_head_json":{"title":"Kampaaja, kosmetologi ja hieronta P\u00e4rnussa - Spes Ilutuba","description":"Kampaaja, kosmetologi ja hieronta P\u00e4rnussa - Spes Ilutuba. Kauneushoitola \u201dSpes Ilutuba\u201d on korkeatasoinen hyvinvointi- ja kauneushoitola.","robots":{"index":"noindex","follow":"follow","max-snippet":"max-snippet:-1","max-image-preview":"max-image-preview:large","max-video-preview":"max-video-preview:-1"},"og_locale":"fi_FI","og_type":"article","og_title":"Kampaaja, kosmetologi ja hieronta P\u00e4rnussa - Spes Ilutuba","og_description":"Kampaaja, kosmetologi ja hieronta P\u00e4rnussa - Spes Ilutuba. Kauneushoitola \u201dSpes Ilutuba\u201d on korkeatasoinen hyvinvointi- ja kauneushoitola.","og_url":"https:\/\/uus.iluteenusedparnus.com\/fi\/kampaaja-kosmetologi-ja-hieronta-parnussa-spes-ilutuba\/","og_site_name":"SPES Ilutuba - Ilusalong P&auml;rnus","article_modified_time":"2015-04-23T09:46:46+00:00","twitter_misc":{"Arvioitu lukuaika":"1 minuutti"},"schema":{"@context":"https:\/\/schema.org","@graph":[{"@type":"WebPage","@id":"https:\/\/uus.iluteenusedparnus.com\/fi\/kampaaja-kosmetologi-ja-hieronta-parnussa-spes-ilutuba\/","url":"https:\/\/uus.iluteenusedparnus.com\/fi\/kampaaja-kosmetologi-ja-hieronta-parnussa-spes-ilutuba\/","name":"Kampaaja, kosmetologi ja hieronta P\u00e4rnussa - Spes Ilutuba","isPartOf":{"@id":"https:\/\/uus.iluteenusedparnus.com\/#website"},"datePublished":"2015-04-23T09:46:24+00:00","dateModified":"2015-04-23T09:46:46+00:00","description":"Kampaaja, kosmetologi ja hieronta P\u00e4rnussa - Spes Ilutuba. Kauneushoitola \u201dSpes Ilutuba\u201d on korkeatasoinen hyvinvointi- ja kauneushoitola.","breadcrumb":{"@id":"https:\/\/uus.iluteenusedparnus.com\/fi\/kampaaja-kosmetologi-ja-hieronta-parnussa-spes-ilutuba\/#breadcrumb"},"inLanguage":"fi","potentialAction":[{"@type":"ReadAction","target":["https:\/\/uus.iluteenusedparnus.com\/fi\/kampaaja-kosmetologi-ja-hieronta-parnussa-spes-ilutuba\/"]}]},{"@type":"BreadcrumbList","@id":"https:\/\/uus.iluteenusedparnus.com\/fi\/kampaaja-kosmetologi-ja-hieronta-parnussa-spes-ilutuba\/#breadcrumb","itemListElement":[{"@type":"ListItem","position":1,"name":"Home","item":"https:\/\/uus.iluteenusedparnus.com\/fi\/"},{"@type":"ListItem","position":2,"name":"Kampaaja, kosmetologi ja hieronta P\u00e4rnussa &#8211; Spes Ilutuba"}]},{"@type":"WebSite","@id":"https:\/\/uus.iluteenusedparnus.com\/#website","url":"https:\/\/uus.iluteenusedparnus.com\/","name":"SPES Ilutuba - Ilusalong P&auml;rnus","description":"Juuksur, kosmeetik ja iluteenused","potentialAction":[{"@type":"SearchAction","target":{"@type":"EntryPoint","urlTemplate":"https:\/\/uus.iluteenusedparnus.com\/?s={search_term_string}"},"query-input":{"@type":"PropertyValueSpecification","valueRequired":true,"valueName":"search_term_string"}}],"inLanguage":"fi"}]}},"uagb_featured_image_src":{"full":false,"thumbnail":false,"medium":false,"medium_large":false,"large":false,"1536x1536":false,"2048x2048":false},"uagb_author_info":{"display_name":"Janek","author_link":"https:\/\/uus.iluteenusedparnus.com\/fi\/author\/janek\/"},"uagb_comment_info":0,"uagb_excerpt":"El\u00e4m\u00e4ss\u00e4 on kauneus!\u00a0 Kauneushoitola \u201dSpes Ilutuba\u201d on korkeatasoinen hyvinvointi- ja kauneushoitola. Toiminta-ajatuksenamme on tarjota kokonaisvaltaista kauneuden- ja ihonhoitoa sek\u00e4 hyvinvointia asiakkaillemme. Anna itsellesi lupa hyv\u00e4\u00e4n oloon. Haluamme tarjota sinulle hoitoa, mik\u00e4 antaa sinulle Itsevarmuutta, tyytyv\u00e4isyytt\u00e4\u00a0 ja kauniisti huoliteltua ulkon\u00e4k\u00f6\u00e4. Palvelemme Sinua viihtyisiss\u00e4 tiloissa yksil\u00f6llisesti ja ammattitaidolla. Arvostamme yst\u00e4v\u00e4llist\u00e4 ymp\u00e4rist\u00f6\u00e4 ja ammattimaista ty\u00f6t\u00e4. \u00a0Olet tervetullut my\u00f6s&hellip;","_links":{"self":[{"href":"https:\/\/uus.iluteenusedparnus.com\/fi\/wp-json\/wp\/v2\/pages\/444","targetHints":{"allow":["GET"]}}],"collection":[{"href":"https:\/\/uus.iluteenusedparnus.com\/fi\/wp-json\/wp\/v2\/pages"}],"about":[{"href":"https:\/\/uus.iluteenusedparnus.com\/fi\/wp-json\/wp\/v2\/types\/page"}],"author":[{"embeddable":true,"href":"https:\/\/uus.iluteenusedparnus.com\/fi\/wp-json\/wp\/v2\/users\/6"}],"replies":[{"embeddable":true,"href":"https:\/\/uus.iluteenusedparnus.com\/fi\/wp-json\/wp\/v2\/comments?post=444"}],"version-history":[{"count":2,"href":"https:\/\/uus.iluteenusedparnus.com\/fi\/wp-json\/wp\/v2\/pages\/444\/revisions"}],"predecessor-version":[{"id":774,"href":"https:\/\/uus.iluteenusedparnus.com\/fi\/wp-json\/wp\/v2\/pages\/444\/revisions\/774"}],"wp:attachment":[{"href":"https:\/\/uus.iluteenusedparnus.com\/fi\/wp-json\/wp\/v2\/media?parent=444"}],"curies":[{"name":"wp","href":"https:\/\/api.w.org\/{rel}","templated":true}]}}