{"id":263,"date":"2013-05-03T12:32:02","date_gmt":"2013-05-03T10:32:02","guid":{"rendered":"https:\/\/uus.iluteenusedparnus.com\/?page_id=263"},"modified":"2025-11-07T15:02:33","modified_gmt":"2025-11-07T14:02:33","slug":"spes-ilutuba-kauneushoitola-parnussa","status":"publish","type":"page","link":"https:\/\/uus.iluteenusedparnus.com\/fi\/","title":{"rendered":"Spes Ilutuba kauneushoitola P\u00e4rnussa"},"content":{"rendered":"\n<div class=\"wp-block-uagb-container uagb-block-9e5345fd alignfull uagb-is-root-container\"><div class=\"uagb-container-inner-blocks-wrap\">\n<div class=\"wp-block-uagb-container uagb-block-9377d65a\">\n<div data-aos= \"fade-down\" data-aos-duration=\"400\" data-aos-delay=\"0\" data-aos-easing=\"ease\" data-aos-once=\"true\" class=\"wp-block-uagb-advanced-heading uagb-block-e68e7f6c\"><h2 class=\"uagb-heading-text\">El\u00e4m\u00e4ss\u00e4 on oltava kauneutta!<\/h2><\/div>\n\n\n\n<div data-aos= \"fade-left\" data-aos-duration=\"400\" data-aos-delay=\"0\" data-aos-easing=\"ease\" data-aos-once=\"true\" class=\"wp-block-uagb-advanced-heading uagb-block-6e349b71\"><h2 class=\"uagb-heading-text\">Spes-kauneussalonki P\u00e4rnussa \u2013<br>Kampaamo, kosmetologi, hieronta ja muut kauneuspalvelut P\u00e4rnun keskustassa<\/h2><\/div>\n\n\n\n<div data-aos= \"fade-up\" data-aos-duration=\"400\" data-aos-delay=\"0\" data-aos-easing=\"ease\" data-aos-once=\"true\" class=\"wp-block-uagb-buttons uagb-buttons__outer-wrap uagb-btn__medium-btn uagb-btn-tablet__default-btn uagb-btn-mobile__default-btn uagb-block-e82d6970\"><div class=\"uagb-buttons__wrap uagb-buttons-layout-wrap \">\n<div class=\"wp-block-uagb-buttons-child uagb-buttons__outer-wrap uagb-block-aa32ce22 wp-block-button\"><div class=\"uagb-button__wrapper\"><a class=\"uagb-buttons-repeater wp-block-button__link\" aria-label=\"\" href=\"https:\/\/spes-ilutuba-2.salon.life\/spes-ilutuba\" rel=\"follow noopener\" target=\"_self\" role=\"button\"><div class=\"uagb-button__link\">VARAAN NYT \u00bb<\/div><\/a><\/div><\/div>\n\n\n\n<div class=\"wp-block-uagb-buttons-child uagb-buttons__outer-wrap uagb-block-ca16121b wp-block-button\"><div class=\"uagb-button__wrapper\"><a class=\"uagb-buttons-repeater wp-block-button__link\" aria-label=\"\" href=\"https:\/\/spes-ilutuba-2.salon.life\/spes-ilutuba\" rel=\"follow noopener\" target=\"_self\" role=\"button\"><div class=\"uagb-button__link\">VARAA HIERONTA \u00bb<\/div><\/a><\/div><\/div>\n<\/div><\/div>\n<\/div>\n\n\n\n<div class=\"wp-block-uagb-container uagb-block-1289bcd2\"><\/div>\n<\/div><\/div>\n\n\n\n<div class=\"wp-block-uagb-advanced-heading uagb-block-004d8e10\"><h2 class=\"uagb-heading-text\">Spes Ilutuba kauneushoitola P\u00e4rnussa Ringi tn.1<\/h2><p class=\"uagb-desc-text\">Kauneushoitola \u201dSpes Ilutuba\u201d on korkeatasoinen hyvinvointi- ja kauneushoitola. Toiminta-ajatuksenamme on tarjota kokonaisvaltaista kauneuden- ja ihonhoitoa sek\u00e4 hyvinvointia asiakkaillemme.<\/p><div class=\"uagb-separator\"><\/div><\/div>\n\n\n\n<div class=\"wp-block-uagb-container uagb-block-7426e3cb alignfull uagb-is-root-container\"><div class=\"uagb-container-inner-blocks-wrap\">\n<div class=\"wp-block-uagb-container uagb-block-171b2cdb\">\n<div class=\"wp-block-uagb-info-box uagb-block-36b30e43 uagb-infobox__content-wrap  uagb-infobox-icon-above-title uagb-infobox-image-valign-top\"><div class=\"uagb-ifb-content\"><div class=\"uagb-ifb-image-content\"><img decoding=\"async\" src=\"https:\/\/uus.iluteenusedparnus.com\/wp-content\/uploads\/2025\/11\/juuksur.jpg\" alt=\"Ilusalong P\u00e4rnus - Juuksur, kosmeetik ja muud iluteenused P\u00e4rnu kesklinnas\" width=\"\" height=\"0\" loading=\"lazy\"\/><\/div><div class=\"uagb-ifb-title-wrap\"><h3 class=\"uagb-ifb-title\">Kampaaja<\/h3><\/div><p class=\"uagb-ifb-desc\">Olemme parturi-kampaamo, jossa palvellaan asiakasta ammattitaitoisesti tiedoilla ja taidoilla.<\/p><div class=\"uagb-ifb-button-wrapper wp-block-button\"><a href=\"https:\/\/uus.iluteenusedparnus.com\/fi\/kampaaja\/\" target=\"_self\" onclick=\"return true;\" class=\"uagb-infobox-cta-link\" rel=\"noopener noreferrer\"><span class=\"uagb-inline-editing\">Lue lis\u00e4\u00e4<\/span><svg xmlns=\"https:\/\/www.w3.org\/2000\/svg\" viewBox=\"0 0 512 512\"><path d=\"M504.3 273.6l-112.1 104c-6.992 6.484-17.18 8.218-25.94 4.406c-8.758-3.812-14.42-12.45-14.42-21.1L351.9 288H32C14.33 288 .0002 273.7 .0002 255.1S14.33 224 32 224h319.9l0-72c0-9.547 5.66-18.19 14.42-22c8.754-3.809 18.95-2.075 25.94 4.41l112.1 104C514.6 247.9 514.6 264.1 504.3 273.6z\"><\/path><\/svg><\/a><\/div><\/div><\/div>\n<\/div>\n\n\n\n<div class=\"wp-block-uagb-container uagb-block-77629d81\">\n<div class=\"wp-block-uagb-info-box uagb-block-73ec7e47 uagb-infobox__content-wrap  uagb-infobox-icon-above-title uagb-infobox-image-valign-top\"><div class=\"uagb-ifb-content\"><div class=\"uagb-ifb-image-content\"><img decoding=\"async\" src=\"https:\/\/uus.iluteenusedparnus.com\/wp-content\/uploads\/2025\/11\/kosmeetika.jpg\" alt=\"Ilusalong P\u00e4rnus - Juuksur, kosmeetik ja muud iluteenused P\u00e4rnu kesklinnas\" width=\"\" height=\"0\" loading=\"lazy\"\/><\/div><div class=\"uagb-ifb-title-wrap\"><h3 class=\"uagb-ifb-title\">Kosmetologi<\/h3><\/div><p class=\"uagb-ifb-desc\">K\u00e4sihoidot, jalkahoidot, karvanpoisto, ripsipermanentti, ripsipidennys, kasvohoidot \/ vartalohoidot etc.<\/p><div class=\"uagb-ifb-button-wrapper wp-block-button\"><a href=\"https:\/\/uus.iluteenusedparnus.com\/fi\/kasihoidot\/\" target=\"_self\" onclick=\"return true;\" class=\"uagb-infobox-cta-link\" rel=\"noopener noreferrer\"><span class=\"uagb-inline-editing\">Lue lis\u00e4\u00e4<\/span><svg xmlns=\"https:\/\/www.w3.org\/2000\/svg\" viewBox=\"0 0 512 512\"><path d=\"M504.3 273.6l-112.1 104c-6.992 6.484-17.18 8.218-25.94 4.406c-8.758-3.812-14.42-12.45-14.42-21.1L351.9 288H32C14.33 288 .0002 273.7 .0002 255.1S14.33 224 32 224h319.9l0-72c0-9.547 5.66-18.19 14.42-22c8.754-3.809 18.95-2.075 25.94 4.41l112.1 104C514.6 247.9 514.6 264.1 504.3 273.6z\"><\/path><\/svg><\/a><\/div><\/div><\/div>\n<\/div>\n\n\n\n<div class=\"wp-block-uagb-container uagb-block-7fe18f8f\">\n<div class=\"wp-block-uagb-info-box uagb-block-e75d12b7 uagb-infobox__content-wrap  uagb-infobox-icon-above-title uagb-infobox-image-valign-top\"><div class=\"uagb-ifb-content\"><div class=\"uagb-ifb-image-content\"><img decoding=\"async\" src=\"https:\/\/uus.iluteenusedparnus.com\/wp-content\/uploads\/2025\/11\/massaaz.jpg\" alt=\"Ilusalong P\u00e4rnus - Juuksur, kosmeetik ja muud iluteenused P\u00e4rnu kesklinnas\" width=\"\" height=\"0\" loading=\"lazy\"\/><\/div><div class=\"uagb-ifb-title-wrap\"><h3 class=\"uagb-ifb-title\">Hieronta<\/h3><\/div><p class=\"uagb-ifb-desc\">Klassinen hieronta, hunaja, aromaterapia hieronta, suklaa hieronta, vartalon kuorinta ja rentouttava hieronta kerma<\/p><div class=\"uagb-ifb-button-wrapper wp-block-button\"><a href=\"https:\/\/uus.iluteenusedparnus.com\/fi\/karvanpoisto\/\" target=\"_self\" onclick=\"return true;\" class=\"uagb-infobox-cta-link\" rel=\"noopener noreferrer\"><span class=\"uagb-inline-editing\">Lue lis\u00e4\u00e4<\/span><svg xmlns=\"https:\/\/www.w3.org\/2000\/svg\" viewBox=\"0 0 512 512\"><path d=\"M504.3 273.6l-112.1 104c-6.992 6.484-17.18 8.218-25.94 4.406c-8.758-3.812-14.42-12.45-14.42-21.1L351.9 288H32C14.33 288 .0002 273.7 .0002 255.1S14.33 224 32 224h319.9l0-72c0-9.547 5.66-18.19 14.42-22c8.754-3.809 18.95-2.075 25.94 4.41l112.1 104C514.6 247.9 514.6 264.1 504.3 273.6z\"><\/path><\/svg><\/a><\/div><\/div><\/div>\n<\/div>\n<\/div><\/div>\n\n\n\n<div class=\"wp-block-uagb-container uagb-block-2c1e3e8a alignfull uagb-is-root-container\"><div class=\"uagb-container-inner-blocks-wrap\">\n<div class=\"wp-block-uagb-container uagb-block-9f6e945a\">\t\t\t<div \n\t\t\tclass=\"wp-block-uagb-google-map uagb-google-map__wrap uagb-block-965780c4     \"\n\t\t\tstyle=\"\" >\n\t\t\t\t<embed\n\t\t\t\t\tclass=\"uagb-google-map__iframe\"\n\t\t\t\t\ttitle=\"Google Map for \"\n\t\t\t\t\tsrc=\"https:\/\/maps.google.com\/maps?q=Spes%20ilutuba&#038;z=17&#038;hl=en&#038;t=m&#038;output=embed&#038;iwloc=near\"\n\t\t\t\t\twidth=\"640\"\n\t\t\t\t\theight=\"510\"\n\t\t\t\t\tloading=\"lazy\"\n\t\t\t\t><\/embed>\n\t\t\t<\/div>\n\t\t\t<\/div>\n\n\n\n<div class=\"wp-block-uagb-container uagb-block-0023a8ce\">\n<div class=\"wp-block-uagb-restaurant-menu uagb-block-f12fd3de uagb-rm__desk-column-1 uagb-rm__tablet-column-1 uagb-rm__mobile-column-1\">\n<div class=\"wp-block-uagb-restaurant-menu-child uagb-rest_menu__wrap\"><div class=\"uagb-rm__content\"><img decoding=\"async\" class=\"\" src=\"https:\/\/uus.iluteenusedparnus.com\/wp-content\/uploads\/2013\/02\/juuksur.jpg\" alt=\"\" width=\"75\" height=\"75\" loading=\"lazy\"\/><div class=\"uagb-rm-details\"><h4 class=\"uagb-rm__title\">Kampaamopalvelut<\/h4><div class=\"uagb-rm__desc\">Naisten ja miesten hiustenleikkaukset. Juhlahiukset, morsiamen hiukset, f\u00f6\u00f6naukset jne.<\/div><\/div><span class=\"uagb-rm__price\"><\/span><\/div><div class=\"uagb-rm__separator\"><\/div><\/div>\n\n\n\n<div class=\"wp-block-uagb-restaurant-menu-child uagb-rest_menu__wrap\"><div class=\"uagb-rm__content\"><img decoding=\"async\" class=\"\" src=\"https:\/\/uus.iluteenusedparnus.com\/wp-content\/uploads\/2013\/02\/kosmeetik-300x300.jpg\" alt=\"\" width=\"75\" height=\"75\" loading=\"lazy\"\/><div class=\"uagb-rm-details\"><h4 class=\"uagb-rm__title\">Kosmetologin\/kauneudenhoitajan palvelut<\/h4><div class=\"uagb-rm__desc\">Manikyyri, pedikyyri, ripsien pidennykset, ripsien kohotus, ripsien Botox, kulmien v\u00e4rj\u00e4ys ja muotoilu, karvanpoisto, kasvo- ja vartalohoidot.<\/div><\/div><span class=\"uagb-rm__price\"><\/span><\/div><div class=\"uagb-rm__separator\"><\/div><\/div>\n\n\n\n<div class=\"wp-block-uagb-restaurant-menu-child uagb-rest_menu__wrap\"><div class=\"uagb-rm__content\"><img decoding=\"async\" class=\"\" src=\"https:\/\/uus.iluteenusedparnus.com\/wp-content\/uploads\/2013\/02\/massaaz11.jpg\" alt=\"\" width=\"75\" height=\"75\" loading=\"lazy\"\/><div class=\"uagb-rm-details\"><h4 class=\"uagb-rm__title\">Hieronta palvelut\u00a0<\/h4><div class=\"uagb-rm__desc\">Klassinen hieronta, hunajahieronta, kuppaushieronta, stressinpoistohieronta, Champi-intialainen p\u00e4\u00e4hieronta, kasvojen hieronta.<\/div><\/div><span class=\"uagb-rm__price\"><\/span><\/div><div class=\"uagb-rm__separator\"><\/div><\/div>\n\n\n\n<div class=\"wp-block-uagb-restaurant-menu-child uagb-rest_menu__wrap\"><div class=\"uagb-rm__content\"><img decoding=\"async\" class=\"\" src=\"https:\/\/uus.iluteenusedparnus.com\/wp-content\/uploads\/2025\/11\/babor.jpg\" alt=\"Kehahooldus Babor toodetega\" width=\"75\" height=\"75\" loading=\"lazy\"\/><div class=\"uagb-rm-details\"><h4 class=\"uagb-rm__title\">Kehonhoito Babor-tuotteilla<\/h4><div class=\"uagb-rm__desc\">Kaikille virkistyst\u00e4 ja uudistumista kaipaaville ihotyypeille sopiva s\u00e4teilev\u00e4 hoito. Tuloksena on sile\u00e4, kosteutettu iho, jossa huokoset ovat v\u00e4hemm\u00e4n n\u00e4kyvi\u00e4 ja ihonv\u00e4ri tasaisempi.<\/div><\/div><span class=\"uagb-rm__price\"><\/span><\/div><div class=\"uagb-rm__separator\"><\/div><\/div>\n<\/div>\n<\/div>\n<\/div><\/div>\n","protected":false},"excerpt":{"rendered":"<p>El\u00e4m\u00e4ss\u00e4 on oltava kauneutta! Spes-kauneussalonki P\u00e4rnussa \u2013Kampaamo, kosmetologi, hieronta ja muut kauneuspalvelut P\u00e4rnun keskustassa Spes Ilutuba kauneushoitola P\u00e4rnussa Ringi tn.1 Kauneushoitola \u201dSpes Ilutuba\u201d on korkeatasoinen hyvinvointi- ja kauneushoitola. Toiminta-ajatuksenamme on tarjota kokonaisvaltaista kauneuden- ja ihonhoitoa sek\u00e4 hyvinvointia asiakkaillemme.<\/p>\n","protected":false},"author":6,"featured_media":0,"parent":0,"menu_order":0,"comment_status":"closed","ping_status":"closed","template":"","meta":{"_uag_custom_page_level_css":"","footnotes":""},"class_list":["post-263","page","type-page","status-publish","hentry"],"blocksy_meta":{"has_hero_section":"disabled","page_structure_type":"type-4","vertical_spacing_source":"custom","content_area_spacing":"bottom","styles_descriptor":{"styles":{"desktop":"","tablet":"","mobile":""},"google_fonts":[],"version":6}},"yoast_head":"<!-- This site is optimized with the Yoast SEO plugin v26.3 - https:\/\/yoast.com\/wordpress\/plugins\/seo\/ -->\n<title>Spes Ilutuba kauneushoitola P\u00e4rnussa<\/title>\n<meta name=\"description\" content=\"Kauneushoitola P\u00e4rnussa on korkeatasoinen hyvinvointi- ja kauneushoitola. Toiminta-ajatuksenamme on tarjota kokonaisvaltaista kauneuden- ja ihonhoitoa\" \/>\n<meta name=\"robots\" content=\"noindex, follow, max-snippet:-1, max-image-preview:large, max-video-preview:-1\" \/>\n<meta property=\"og:locale\" content=\"fi_FI\" \/>\n<meta property=\"og:type\" content=\"article\" \/>\n<meta property=\"og:title\" content=\"Spes Ilutuba kauneushoitola P\u00e4rnussa\" \/>\n<meta property=\"og:description\" content=\"Kauneushoitola P\u00e4rnussa on korkeatasoinen hyvinvointi- ja kauneushoitola. Toiminta-ajatuksenamme on tarjota kokonaisvaltaista kauneuden- ja ihonhoitoa\" \/>\n<meta property=\"og:url\" content=\"https:\/\/uus.iluteenusedparnus.com\/fi\/\" \/>\n<meta property=\"og:site_name\" content=\"SPES Ilutuba - Ilusalong P&auml;rnus\" \/>\n<meta property=\"article:modified_time\" content=\"2025-11-07T14:02:33+00:00\" \/>\n<meta property=\"og:image\" content=\"https:\/\/uus.iluteenusedparnus.com\/wp-content\/uploads\/2025\/11\/juuksur.jpg\" \/>\n<meta name=\"twitter:label1\" content=\"Arvioitu lukuaika\" \/>\n\t<meta name=\"twitter:data1\" content=\"3 minuuttia\" \/>\n<script type=\"application\/ld+json\" class=\"yoast-schema-graph\">{\"@context\":\"https:\/\/schema.org\",\"@graph\":[{\"@type\":\"WebPage\",\"@id\":\"https:\/\/uus.iluteenusedparnus.com\/fi\/\",\"url\":\"https:\/\/uus.iluteenusedparnus.com\/fi\/\",\"name\":\"Spes Ilutuba kauneushoitola P\u00e4rnussa\",\"isPartOf\":{\"@id\":\"https:\/\/uus.iluteenusedparnus.com\/#website\"},\"primaryImageOfPage\":{\"@id\":\"https:\/\/uus.iluteenusedparnus.com\/fi\/#primaryimage\"},\"image\":{\"@id\":\"https:\/\/uus.iluteenusedparnus.com\/fi\/#primaryimage\"},\"thumbnailUrl\":\"https:\/\/uus.iluteenusedparnus.com\/wp-content\/uploads\/2025\/11\/juuksur.jpg\",\"datePublished\":\"2013-05-03T10:32:02+00:00\",\"dateModified\":\"2025-11-07T14:02:33+00:00\",\"description\":\"Kauneushoitola P\u00e4rnussa on korkeatasoinen hyvinvointi- ja kauneushoitola. Toiminta-ajatuksenamme on tarjota kokonaisvaltaista kauneuden- ja ihonhoitoa\",\"breadcrumb\":{\"@id\":\"https:\/\/uus.iluteenusedparnus.com\/fi\/#breadcrumb\"},\"inLanguage\":\"fi\",\"potentialAction\":[{\"@type\":\"ReadAction\",\"target\":[\"https:\/\/uus.iluteenusedparnus.com\/fi\/\"]}]},{\"@type\":\"ImageObject\",\"inLanguage\":\"fi\",\"@id\":\"https:\/\/uus.iluteenusedparnus.com\/fi\/#primaryimage\",\"url\":\"https:\/\/uus.iluteenusedparnus.com\/wp-content\/uploads\/2025\/11\/juuksur.jpg\",\"contentUrl\":\"https:\/\/uus.iluteenusedparnus.com\/wp-content\/uploads\/2025\/11\/juuksur.jpg\"},{\"@type\":\"BreadcrumbList\",\"@id\":\"https:\/\/uus.iluteenusedparnus.com\/fi\/#breadcrumb\",\"itemListElement\":[{\"@type\":\"ListItem\",\"position\":1,\"name\":\"Home\",\"item\":\"https:\/\/uus.iluteenusedparnus.com\/fi\/\"},{\"@type\":\"ListItem\",\"position\":2,\"name\":\"Spes Ilutuba kauneushoitola P\u00e4rnussa\"}]},{\"@type\":\"WebSite\",\"@id\":\"https:\/\/uus.iluteenusedparnus.com\/#website\",\"url\":\"https:\/\/uus.iluteenusedparnus.com\/\",\"name\":\"SPES Ilutuba - Ilusalong P&auml;rnus\",\"description\":\"Juuksur, kosmeetik ja iluteenused\",\"potentialAction\":[{\"@type\":\"SearchAction\",\"target\":{\"@type\":\"EntryPoint\",\"urlTemplate\":\"https:\/\/uus.iluteenusedparnus.com\/?s={search_term_string}\"},\"query-input\":{\"@type\":\"PropertyValueSpecification\",\"valueRequired\":true,\"valueName\":\"search_term_string\"}}],\"inLanguage\":\"fi\"}]}<\/script>\n<!-- \/ Yoast SEO plugin. -->","yoast_head_json":{"title":"Spes Ilutuba kauneushoitola P\u00e4rnussa","description":"Kauneushoitola P\u00e4rnussa on korkeatasoinen hyvinvointi- ja kauneushoitola. Toiminta-ajatuksenamme on tarjota kokonaisvaltaista kauneuden- ja ihonhoitoa","robots":{"index":"noindex","follow":"follow","max-snippet":"max-snippet:-1","max-image-preview":"max-image-preview:large","max-video-preview":"max-video-preview:-1"},"og_locale":"fi_FI","og_type":"article","og_title":"Spes Ilutuba kauneushoitola P\u00e4rnussa","og_description":"Kauneushoitola P\u00e4rnussa on korkeatasoinen hyvinvointi- ja kauneushoitola. Toiminta-ajatuksenamme on tarjota kokonaisvaltaista kauneuden- ja ihonhoitoa","og_url":"https:\/\/uus.iluteenusedparnus.com\/fi\/","og_site_name":"SPES Ilutuba - Ilusalong P&auml;rnus","article_modified_time":"2025-11-07T14:02:33+00:00","og_image":[{"url":"https:\/\/uus.iluteenusedparnus.com\/wp-content\/uploads\/2025\/11\/juuksur.jpg","type":"","width":"","height":""}],"twitter_misc":{"Arvioitu lukuaika":"3 minuuttia"},"schema":{"@context":"https:\/\/schema.org","@graph":[{"@type":"WebPage","@id":"https:\/\/uus.iluteenusedparnus.com\/fi\/","url":"https:\/\/uus.iluteenusedparnus.com\/fi\/","name":"Spes Ilutuba kauneushoitola P\u00e4rnussa","isPartOf":{"@id":"https:\/\/uus.iluteenusedparnus.com\/#website"},"primaryImageOfPage":{"@id":"https:\/\/uus.iluteenusedparnus.com\/fi\/#primaryimage"},"image":{"@id":"https:\/\/uus.iluteenusedparnus.com\/fi\/#primaryimage"},"thumbnailUrl":"https:\/\/uus.iluteenusedparnus.com\/wp-content\/uploads\/2025\/11\/juuksur.jpg","datePublished":"2013-05-03T10:32:02+00:00","dateModified":"2025-11-07T14:02:33+00:00","description":"Kauneushoitola P\u00e4rnussa on korkeatasoinen hyvinvointi- ja kauneushoitola. Toiminta-ajatuksenamme on tarjota kokonaisvaltaista kauneuden- ja ihonhoitoa","breadcrumb":{"@id":"https:\/\/uus.iluteenusedparnus.com\/fi\/#breadcrumb"},"inLanguage":"fi","potentialAction":[{"@type":"ReadAction","target":["https:\/\/uus.iluteenusedparnus.com\/fi\/"]}]},{"@type":"ImageObject","inLanguage":"fi","@id":"https:\/\/uus.iluteenusedparnus.com\/fi\/#primaryimage","url":"https:\/\/uus.iluteenusedparnus.com\/wp-content\/uploads\/2025\/11\/juuksur.jpg","contentUrl":"https:\/\/uus.iluteenusedparnus.com\/wp-content\/uploads\/2025\/11\/juuksur.jpg"},{"@type":"BreadcrumbList","@id":"https:\/\/uus.iluteenusedparnus.com\/fi\/#breadcrumb","itemListElement":[{"@type":"ListItem","position":1,"name":"Home","item":"https:\/\/uus.iluteenusedparnus.com\/fi\/"},{"@type":"ListItem","position":2,"name":"Spes Ilutuba kauneushoitola P\u00e4rnussa"}]},{"@type":"WebSite","@id":"https:\/\/uus.iluteenusedparnus.com\/#website","url":"https:\/\/uus.iluteenusedparnus.com\/","name":"SPES Ilutuba - Ilusalong P&auml;rnus","description":"Juuksur, kosmeetik ja iluteenused","potentialAction":[{"@type":"SearchAction","target":{"@type":"EntryPoint","urlTemplate":"https:\/\/uus.iluteenusedparnus.com\/?s={search_term_string}"},"query-input":{"@type":"PropertyValueSpecification","valueRequired":true,"valueName":"search_term_string"}}],"inLanguage":"fi"}]}},"uagb_featured_image_src":{"full":false,"thumbnail":false,"medium":false,"medium_large":false,"large":false,"1536x1536":false,"2048x2048":false},"uagb_author_info":{"display_name":"Janek","author_link":"https:\/\/uus.iluteenusedparnus.com\/fi\/author\/janek\/"},"uagb_comment_info":0,"uagb_excerpt":"El\u00e4m\u00e4ss\u00e4 on oltava kauneutta! Spes-kauneussalonki P\u00e4rnussa \u2013Kampaamo, kosmetologi, hieronta ja muut kauneuspalvelut P\u00e4rnun keskustassa Spes Ilutuba kauneushoitola P\u00e4rnussa Ringi tn.1 Kauneushoitola \u201dSpes Ilutuba\u201d on korkeatasoinen hyvinvointi- ja kauneushoitola. Toiminta-ajatuksenamme on tarjota kokonaisvaltaista kauneuden- ja ihonhoitoa sek\u00e4 hyvinvointia asiakkaillemme.","_links":{"self":[{"href":"https:\/\/uus.iluteenusedparnus.com\/fi\/wp-json\/wp\/v2\/pages\/263","targetHints":{"allow":["GET"]}}],"collection":[{"href":"https:\/\/uus.iluteenusedparnus.com\/fi\/wp-json\/wp\/v2\/pages"}],"about":[{"href":"https:\/\/uus.iluteenusedparnus.com\/fi\/wp-json\/wp\/v2\/types\/page"}],"author":[{"embeddable":true,"href":"https:\/\/uus.iluteenusedparnus.com\/fi\/wp-json\/wp\/v2\/users\/6"}],"replies":[{"embeddable":true,"href":"https:\/\/uus.iluteenusedparnus.com\/fi\/wp-json\/wp\/v2\/comments?post=263"}],"version-history":[{"count":15,"href":"https:\/\/uus.iluteenusedparnus.com\/fi\/wp-json\/wp\/v2\/pages\/263\/revisions"}],"predecessor-version":[{"id":1178,"href":"https:\/\/uus.iluteenusedparnus.com\/fi\/wp-json\/wp\/v2\/pages\/263\/revisions\/1178"}],"wp:attachment":[{"href":"https:\/\/uus.iluteenusedparnus.com\/fi\/wp-json\/wp\/v2\/media?parent=263"}],"curies":[{"name":"wp","href":"https:\/\/api.w.org\/{rel}","templated":true}]}}