{"id":248,"date":"2013-05-03T12:21:22","date_gmt":"2013-05-03T10:21:22","guid":{"rendered":"https:\/\/uus.iluteenusedparnus.com\/?page_id=248"},"modified":"2013-05-03T12:21:22","modified_gmt":"2013-05-03T10:21:22","slug":"osoite","status":"publish","type":"page","link":"https:\/\/uus.iluteenusedparnus.com\/fi\/osoite\/","title":{"rendered":"Osoite"},"content":{"rendered":"<h2>Sis\u00e4\u00e4nk\u00e4ynti sama kun Spes vaatekaupalla. Eli kauneushoitolaan p\u00e4\u00e4see suoraan vaatekaupan l\u00e4pi.<\/h2>\n<p><iframe src=\"https:\/\/maps.google.com\/maps?f=q&amp;source=s_q&amp;hl=et&amp;geocode=&amp;q=Ringi+1,+P%C3%A4rnu,+P%C3%A4rnu+linn,+Eesti+Vabariik&amp;aq=0&amp;oq=ringi+1+p%C3%A4rnu&amp;sll=37.0625,-95.677068&amp;sspn=52.815565,135.263672&amp;ie=UTF8&amp;hq=&amp;hnear=Ringi+1,+P%C3%A4rnu,+80011,+Eesti+Vabariik&amp;t=m&amp;ll=58.387025,24.507022&amp;spn=0.003937,0.02017&amp;z=16&amp;iwloc=A&amp;output=embed\" height=\"450\" width=\"920\" frameborder=\"0\" marginwidth=\"0\" marginheight=\"0\" scrolling=\"no\"><\/iframe><\/p>\n<p>&nbsp;<\/p>\n","protected":false},"excerpt":{"rendered":"<p>Sis\u00e4\u00e4nk\u00e4ynti sama kun Spes vaatekaupalla. Eli kauneushoitolaan p\u00e4\u00e4see suoraan vaatekaupan l\u00e4pi. &nbsp;<\/p>\n","protected":false},"author":6,"featured_media":0,"parent":0,"menu_order":0,"comment_status":"closed","ping_status":"closed","template":"","meta":{"_uag_custom_page_level_css":"","footnotes":""},"class_list":["post-248","page","type-page","status-publish","hentry"],"blocksy_meta":[],"yoast_head":"<!-- This site is optimized with the Yoast SEO plugin v26.3 - https:\/\/yoast.com\/wordpress\/plugins\/seo\/ -->\n<title>Osoite - SPES Ilutuba - Ilusalong P&auml;rnus<\/title>\n<meta name=\"robots\" content=\"noindex, follow, max-snippet:-1, max-image-preview:large, max-video-preview:-1\" \/>\n<meta property=\"og:locale\" content=\"fi_FI\" \/>\n<meta property=\"og:type\" content=\"article\" \/>\n<meta property=\"og:title\" content=\"Osoite - SPES Ilutuba - Ilusalong P&auml;rnus\" \/>\n<meta property=\"og:description\" content=\"Sis\u00e4\u00e4nk\u00e4ynti sama kun Spes vaatekaupalla. Eli kauneushoitolaan p\u00e4\u00e4see suoraan vaatekaupan l\u00e4pi. &nbsp;\" \/>\n<meta property=\"og:url\" content=\"https:\/\/uus.iluteenusedparnus.com\/fi\/osoite\/\" \/>\n<meta property=\"og:site_name\" content=\"SPES Ilutuba - Ilusalong P&auml;rnus\" \/>\n<script type=\"application\/ld+json\" class=\"yoast-schema-graph\">{\"@context\":\"https:\/\/schema.org\",\"@graph\":[{\"@type\":\"WebPage\",\"@id\":\"https:\/\/uus.iluteenusedparnus.com\/fi\/osoite\/\",\"url\":\"https:\/\/uus.iluteenusedparnus.com\/fi\/osoite\/\",\"name\":\"Osoite - SPES Ilutuba - Ilusalong P&auml;rnus\",\"isPartOf\":{\"@id\":\"https:\/\/uus.iluteenusedparnus.com\/#website\"},\"datePublished\":\"2013-05-03T10:21:22+00:00\",\"breadcrumb\":{\"@id\":\"https:\/\/uus.iluteenusedparnus.com\/fi\/osoite\/#breadcrumb\"},\"inLanguage\":\"fi\",\"potentialAction\":[{\"@type\":\"ReadAction\",\"target\":[\"https:\/\/uus.iluteenusedparnus.com\/fi\/osoite\/\"]}]},{\"@type\":\"BreadcrumbList\",\"@id\":\"https:\/\/uus.iluteenusedparnus.com\/fi\/osoite\/#breadcrumb\",\"itemListElement\":[{\"@type\":\"ListItem\",\"position\":1,\"name\":\"Home\",\"item\":\"https:\/\/uus.iluteenusedparnus.com\/fi\/\"},{\"@type\":\"ListItem\",\"position\":2,\"name\":\"Osoite\"}]},{\"@type\":\"WebSite\",\"@id\":\"https:\/\/uus.iluteenusedparnus.com\/#website\",\"url\":\"https:\/\/uus.iluteenusedparnus.com\/\",\"name\":\"SPES Ilutuba - Ilusalong P&auml;rnus\",\"description\":\"Juuksur, kosmeetik ja iluteenused\",\"potentialAction\":[{\"@type\":\"SearchAction\",\"target\":{\"@type\":\"EntryPoint\",\"urlTemplate\":\"https:\/\/uus.iluteenusedparnus.com\/?s={search_term_string}\"},\"query-input\":{\"@type\":\"PropertyValueSpecification\",\"valueRequired\":true,\"valueName\":\"search_term_string\"}}],\"inLanguage\":\"fi\"}]}<\/script>\n<!-- \/ Yoast SEO plugin. -->","yoast_head_json":{"title":"Osoite - SPES Ilutuba - Ilusalong P&auml;rnus","robots":{"index":"noindex","follow":"follow","max-snippet":"max-snippet:-1","max-image-preview":"max-image-preview:large","max-video-preview":"max-video-preview:-1"},"og_locale":"fi_FI","og_type":"article","og_title":"Osoite - SPES Ilutuba - Ilusalong P&auml;rnus","og_description":"Sis\u00e4\u00e4nk\u00e4ynti sama kun Spes vaatekaupalla. Eli kauneushoitolaan p\u00e4\u00e4see suoraan vaatekaupan l\u00e4pi. &nbsp;","og_url":"https:\/\/uus.iluteenusedparnus.com\/fi\/osoite\/","og_site_name":"SPES Ilutuba - Ilusalong P&auml;rnus","schema":{"@context":"https:\/\/schema.org","@graph":[{"@type":"WebPage","@id":"https:\/\/uus.iluteenusedparnus.com\/fi\/osoite\/","url":"https:\/\/uus.iluteenusedparnus.com\/fi\/osoite\/","name":"Osoite - SPES Ilutuba - Ilusalong P&auml;rnus","isPartOf":{"@id":"https:\/\/uus.iluteenusedparnus.com\/#website"},"datePublished":"2013-05-03T10:21:22+00:00","breadcrumb":{"@id":"https:\/\/uus.iluteenusedparnus.com\/fi\/osoite\/#breadcrumb"},"inLanguage":"fi","potentialAction":[{"@type":"ReadAction","target":["https:\/\/uus.iluteenusedparnus.com\/fi\/osoite\/"]}]},{"@type":"BreadcrumbList","@id":"https:\/\/uus.iluteenusedparnus.com\/fi\/osoite\/#breadcrumb","itemListElement":[{"@type":"ListItem","position":1,"name":"Home","item":"https:\/\/uus.iluteenusedparnus.com\/fi\/"},{"@type":"ListItem","position":2,"name":"Osoite"}]},{"@type":"WebSite","@id":"https:\/\/uus.iluteenusedparnus.com\/#website","url":"https:\/\/uus.iluteenusedparnus.com\/","name":"SPES Ilutuba - Ilusalong P&auml;rnus","description":"Juuksur, kosmeetik ja iluteenused","potentialAction":[{"@type":"SearchAction","target":{"@type":"EntryPoint","urlTemplate":"https:\/\/uus.iluteenusedparnus.com\/?s={search_term_string}"},"query-input":{"@type":"PropertyValueSpecification","valueRequired":true,"valueName":"search_term_string"}}],"inLanguage":"fi"}]}},"uagb_featured_image_src":{"full":false,"thumbnail":false,"medium":false,"medium_large":false,"large":false,"1536x1536":false,"2048x2048":false},"uagb_author_info":{"display_name":"Janek","author_link":"https:\/\/uus.iluteenusedparnus.com\/fi\/author\/janek\/"},"uagb_comment_info":0,"uagb_excerpt":"Sis\u00e4\u00e4nk\u00e4ynti sama kun Spes vaatekaupalla. Eli kauneushoitolaan p\u00e4\u00e4see suoraan vaatekaupan l\u00e4pi. &nbsp;","_links":{"self":[{"href":"https:\/\/uus.iluteenusedparnus.com\/fi\/wp-json\/wp\/v2\/pages\/248","targetHints":{"allow":["GET"]}}],"collection":[{"href":"https:\/\/uus.iluteenusedparnus.com\/fi\/wp-json\/wp\/v2\/pages"}],"about":[{"href":"https:\/\/uus.iluteenusedparnus.com\/fi\/wp-json\/wp\/v2\/types\/page"}],"author":[{"embeddable":true,"href":"https:\/\/uus.iluteenusedparnus.com\/fi\/wp-json\/wp\/v2\/users\/6"}],"replies":[{"embeddable":true,"href":"https:\/\/uus.iluteenusedparnus.com\/fi\/wp-json\/wp\/v2\/comments?post=248"}],"version-history":[{"count":2,"href":"https:\/\/uus.iluteenusedparnus.com\/fi\/wp-json\/wp\/v2\/pages\/248\/revisions"}],"predecessor-version":[{"id":776,"href":"https:\/\/uus.iluteenusedparnus.com\/fi\/wp-json\/wp\/v2\/pages\/248\/revisions\/776"}],"wp:attachment":[{"href":"https:\/\/uus.iluteenusedparnus.com\/fi\/wp-json\/wp\/v2\/media?parent=248"}],"curies":[{"name":"wp","href":"https:\/\/api.w.org\/{rel}","templated":true}]}}