{"id":245,"date":"2013-02-28T14:50:57","date_gmt":"2013-02-28T14:50:57","guid":{"rendered":"https:\/\/uus.iluteenusedparnus.com\/?page_id=245"},"modified":"2025-11-07T14:50:35","modified_gmt":"2025-11-07T13:50:35","slug":"juukseloikus-parnus-kontakt","status":"publish","type":"page","link":"https:\/\/uus.iluteenusedparnus.com\/fi\/juukseloikus-parnus-kontakt\/","title":{"rendered":"Spes Ilutuba &#8211; Ilusalong P\u00e4rnus &#8211; Kontakt"},"content":{"rendered":"\n<div class=\"wp-block-uagb-container uagb-block-a2c792c6 alignfull uagb-is-root-container\">\t\t\t<div \n\t\t\tclass=\"wp-block-uagb-google-map uagb-google-map__wrap uagb-block-04544d89     \"\n\t\t\tstyle=\"\" >\n\t\t\t\t<embed\n\t\t\t\t\tclass=\"uagb-google-map__iframe\"\n\t\t\t\t\ttitle=\"Google Map for \"\n\t\t\t\t\tsrc=\"https:\/\/maps.google.com\/maps?q=spes%20ilutuba&#038;z=17&#038;hl=en&#038;t=m&#038;output=embed&#038;iwloc=near\"\n\t\t\t\t\twidth=\"640\"\n\t\t\t\t\theight=\"300\"\n\t\t\t\t\tloading=\"lazy\"\n\t\t\t\t><\/embed>\n\t\t\t<\/div>\n\t\t\t<\/div>\n\n\n\n<div class=\"wp-block-uagb-container uagb-block-d26fb6f8 alignfull uagb-is-root-container\"><div class=\"uagb-container-inner-blocks-wrap\">\n<div class=\"wp-block-uagb-container uagb-block-84e37a04\">\n<div data-aos= \"fade-down\" data-aos-duration=\"400\" data-aos-delay=\"0\" data-aos-easing=\"ease\" data-aos-once=\"true\" class=\"wp-block-uagb-advanced-heading uagb-block-e68e7f6c\"><h2 class=\"uagb-heading-text\">Spes Ilutuba<\/h2><\/div>\n\n\n\n<div class=\"wp-block-uagb-icon-list uagb-block-092aa6dd\"><div class=\"uagb-icon-list__wrap\">\n<div class=\"wp-block-uagb-icon-list-child uagb-block-a2af4c44\"><span class=\"uagb-icon-list__source-wrap\"><svg xmlns=\"https:\/\/www.w3.org\/2000\/svg\" viewBox=\"0 0 576 512\"><path d=\"M575.8 255.5C575.8 273.5 560.8 287.6 543.8 287.6H511.8L512.5 447.7C512.5 450.5 512.3 453.1 512 455.8V472C512 494.1 494.1 512 472 512H456C454.9 512 453.8 511.1 452.7 511.9C451.3 511.1 449.9 512 448.5 512H392C369.9 512 352 494.1 352 472V384C352 366.3 337.7 352 320 352H256C238.3 352 224 366.3 224 384V472C224 494.1 206.1 512 184 512H128.1C126.6 512 125.1 511.9 123.6 511.8C122.4 511.9 121.2 512 120 512H104C81.91 512 64 494.1 64 472V360C64 359.1 64.03 358.1 64.09 357.2V287.6H32.05C14.02 287.6 0 273.5 0 255.5C0 246.5 3.004 238.5 10.01 231.5L266.4 8.016C273.4 1.002 281.4 0 288.4 0C295.4 0 303.4 2.004 309.5 7.014L564.8 231.5C572.8 238.5 576.9 246.5 575.8 255.5L575.8 255.5z\"><\/path><\/svg><\/span><span class=\"uagb-icon-list__label\">Ringi 1, P\u00e4rnu<\/span><\/div>\n\n\n\n<div class=\"wp-block-uagb-icon-list-child uagb-block-540e832b\"><a target=\"_self\" aria-label=\"+372 5628 2228\" rel=\"noopener noreferrer\" href=\"tel:+37256282228\"> <\/a><span class=\"uagb-icon-list__source-wrap\"><svg xmlns=\"https:\/\/www.w3.org\/2000\/svg\" viewBox=\"0 0 512 512\"><path d=\"M511.2 387l-23.25 100.8c-3.266 14.25-15.79 24.22-30.46 24.22C205.2 512 0 306.8 0 54.5c0-14.66 9.969-27.2 24.22-30.45l100.8-23.25C139.7-2.602 154.7 5.018 160.8 18.92l46.52 108.5c5.438 12.78 1.77 27.67-8.98 36.45L144.5 207.1c33.98 69.22 90.26 125.5 159.5 159.5l44.08-53.8c8.688-10.78 23.69-14.51 36.47-8.975l108.5 46.51C506.1 357.2 514.6 372.4 511.2 387z\"><\/path><\/svg><\/span><span class=\"uagb-icon-list__label\">+372 5628 2228<\/span><\/div>\n\n\n\n<div class=\"wp-block-uagb-icon-list-child uagb-block-11b6db7f\"><a target=\"_self\" aria-label=\"spesilutuba@gmail.com\" rel=\"noopener noreferrer\" href=\"mailto:spesilutuba@gmail.com\"> <\/a><span class=\"uagb-icon-list__source-wrap\"><svg xmlns=\"https:\/\/www.w3.org\/2000\/svg\" viewBox=\"0 0 512 512\"><path d=\"M464 64C490.5 64 512 85.49 512 112C512 127.1 504.9 141.3 492.8 150.4L275.2 313.6C263.8 322.1 248.2 322.1 236.8 313.6L19.2 150.4C7.113 141.3 0 127.1 0 112C0 85.49 21.49 64 48 64H464zM217.6 339.2C240.4 356.3 271.6 356.3 294.4 339.2L512 176V384C512 419.3 483.3 448 448 448H64C28.65 448 0 419.3 0 384V176L217.6 339.2z\"><\/path><\/svg><\/span><span class=\"uagb-icon-list__label\">spesilutuba@gmail.com<\/span><\/div>\n\n\n\n<div class=\"wp-block-uagb-icon-list-child uagb-block-54a35779\"><a target=\"_blank\" aria-label=\"Facebook \u00bb\" rel=\"noopener noreferrer\" href=\"https:\/\/www.facebook.com\/SpesIlutuba\"> <\/a><span class=\"uagb-icon-list__source-wrap\"><svg xmlns=\"https:\/\/www.w3.org\/2000\/svg\" viewBox=\"0 0 512 512\"><path d=\"M464 64C490.5 64 512 85.49 512 112C512 127.1 504.9 141.3 492.8 150.4L275.2 313.6C263.8 322.1 248.2 322.1 236.8 313.6L19.2 150.4C7.113 141.3 0 127.1 0 112C0 85.49 21.49 64 48 64H464zM217.6 339.2C240.4 356.3 271.6 356.3 294.4 339.2L512 176V384C512 419.3 483.3 448 448 448H64C28.65 448 0 419.3 0 384V176L217.6 339.2z\"><\/path><\/svg><\/span><span class=\"uagb-icon-list__label\">Facebook \u00bb<\/span><\/div>\n<\/div><\/div>\n<\/div>\n\n\n\n<div class=\"wp-block-uagb-container uagb-block-be8921a5\">\n<figure class=\"wp-block-image size-full\"><a href=\"https:\/\/uus.iluteenusedparnus.com\/wp-content\/uploads\/2013\/02\/spes.jpg\"><img decoding=\"async\" width=\"1024\" height=\"571\" src=\"https:\/\/uus.iluteenusedparnus.com\/wp-content\/uploads\/2013\/02\/spes.jpg\" alt=\"Spes Ilutuba - Juuksur ja kosmeetik P\u00e4rnus\" class=\"wp-image-150\" srcset=\"https:\/\/uus.iluteenusedparnus.com\/wp-content\/uploads\/2013\/02\/spes.jpg 1024w, https:\/\/uus.iluteenusedparnus.com\/wp-content\/uploads\/2013\/02\/spes-300x167.jpg 300w\" sizes=\"(max-width: 1024px) 100vw, 1024px\" \/><\/a><\/figure>\n<\/div>\n<\/div><\/div>\n\n\n\n<div class=\"wp-block-uagb-container uagb-block-ae94df14 alignfull uagb-is-root-container\"><div class=\"uagb-container-inner-blocks-wrap\">\n<div class=\"wp-block-uagb-container uagb-block-4539e229\">\n<div class=\"wp-block-uagb-advanced-heading uagb-block-2a112fbd\"><h2 class=\"uagb-heading-text\">L\u00e4het\u00e4 meille s\u00e4hk\u00f6postia<\/h2><div class=\"uagb-separator\"><\/div><\/div>\n\n\n<div class='fluentform ff-inherit-theme-style fluentform_wrapper_4  ff_guten_block'><form data-form_id=\"4\" id=\"fluentform_4\" class=\"frm-fluent-form fluent_form_4 ff-el-form-top ff_form_instance_4_1 ff-form-loading ffs_inherit_theme\" data-form_instance=\"ff_form_instance_4_1\" method=\"POST\" ><fieldset  style=\"border: none!important;margin: 0!important;padding: 0!important;background-color: transparent!important;box-shadow: none!important;outline: none!important; min-inline-size: 100%;\">\n                    <legend class=\"ff_screen_reader_title\" style=\"display: block; margin: 0!important;padding: 0!important;height: 0!important;text-indent: -999999px;width: 0!important;overflow:hidden;\">Kontakt FIN<\/legend>        <div\n                style=\"display: none!important; position: absolute!important; transform: translateX(1000%)!important;\"\n                class=\"ff-el-group ff-hpsf-container\"\n        >\n            <div class=\"ff-el-input--label asterisk-right\">\n                <label for=\"ff_4_item_sf\" aria-label=\"Newsletter\">\n                    Newsletter                <\/label>\n            <\/div>\n            <div class=\"ff-el-input--content\">\n                <input type=\"text\"\n                       name=\"item_4__fluent_sf\"\n                       class=\"ff-el-form-control\"\n                       id=\"ff_4_item_sf\"\n                \/>\n            <\/div>\n        <\/div>\n        <input type='hidden' name='__fluent_form_embded_post_id' value='245' \/><input type=\"hidden\" id=\"_fluentform_4_fluentformnonce\" name=\"_fluentform_4_fluentformnonce\" value=\"c1955dec41\" \/><input type=\"hidden\" name=\"_wp_http_referer\" value=\"\/fi\/wp-json\/wp\/v2\/pages\/245\" \/><div data-name=\"ff_cn_id_1\"  class='ff-t-container ff-column-container ff_columns_total_2  '><div class='ff-t-cell ff-t-column-1' style='flex-basis: %;'><div class='ff-el-group'><div class=\"ff-el-input--label ff-el-is-required asterisk-right\"><label for='ff_4_input_text' aria-label=\"Nimi\">Nimi<\/label><\/div><div class='ff-el-input--content'><input type=\"text\" name=\"input_text\" class=\"ff-el-form-control\" data-name=\"input_text\" id=\"ff_4_input_text\"  aria-invalid=\"false\" aria-required=true><\/div><\/div><\/div><div class='ff-t-cell ff-t-column-2' style='flex-basis: %;'><div class='ff-el-group'><div class=\"ff-el-input--label ff-el-is-required asterisk-right\"><label for='ff_4_email' aria-label=\"S\u00e4hkoposti\">S\u00e4hkoposti<\/label><\/div><div class='ff-el-input--content'><input type=\"email\" name=\"email\" id=\"ff_4_email\" class=\"ff-el-form-control\" data-name=\"email\"  aria-invalid=\"false\" aria-required=true><\/div><\/div><\/div><\/div><div class='ff-el-group'><div class=\"ff-el-input--label asterisk-right\"><label for='ff_4_description' aria-label=\"Viesti\">Viesti<\/label><\/div><div class='ff-el-input--content'><textarea aria-invalid=\"false\" aria-required=false name=\"description\" id=\"ff_4_description\" class=\"ff-el-form-control\" rows=\"4\" cols=\"2\" data-name=\"description\" ><\/textarea><\/div><\/div><div class='ff-el-group ff-text-left ff_submit_btn_wrapper'><button type=\"submit\" class=\"ff-btn ff-btn-submit ff-btn-md ff_btn_no_style\" >L\u00e4het\u00e4<\/button><\/div><\/fieldset><\/form><div id='fluentform_4_errors' class='ff-errors-in-stack ff_form_instance_4_1 ff-form-loading_errors ff_form_instance_4_1_errors'><\/div><\/div>            <script type=\"text\/javascript\">\n                window.fluent_form_ff_form_instance_4_1 = {\"id\":\"4\",\"settings\":{\"layout\":{\"labelPlacement\":\"top\",\"helpMessagePlacement\":\"with_label\",\"errorMessagePlacement\":\"inline\",\"asteriskPlacement\":\"asterisk-right\"},\"restrictions\":{\"denyEmptySubmission\":{\"enabled\":false}}},\"form_instance\":\"ff_form_instance_4_1\",\"form_id_selector\":\"fluentform_4\",\"rules\":{\"input_text\":{\"required\":{\"value\":true,\"message\":\"Pakollinen\"}},\"email\":{\"required\":{\"value\":true,\"message\":\"Pakollinen\"},\"email\":{\"value\":true,\"message\":\"Correct email address is required\"}},\"description\":{\"required\":{\"value\":false,\"message\":\"This field is required\"}}},\"debounce_time\":300};\n                            <\/script>\n            <\/div>\n<\/div><\/div>\n","protected":false},"excerpt":{"rendered":"<p>Spes Ilutuba L\u00e4het\u00e4 meille s\u00e4hk\u00f6postia<\/p>\n","protected":false},"author":6,"featured_media":0,"parent":0,"menu_order":0,"comment_status":"closed","ping_status":"closed","template":"","meta":{"_uag_custom_page_level_css":"","footnotes":""},"class_list":["post-245","page","type-page","status-publish","hentry"],"blocksy_meta":{"has_hero_section":"disabled","page_structure_type":"type-4","vertical_spacing_source":"custom","content_area_spacing":"bottom","styles_descriptor":{"styles":{"desktop":"","tablet":"","mobile":""},"google_fonts":[],"version":6}},"yoast_head":"<!-- This site is optimized with the Yoast SEO plugin v26.3 - https:\/\/yoast.com\/wordpress\/plugins\/seo\/ -->\n<title>Ilusalong P\u00e4rnus - Spes Ilutuba kontakt<\/title>\n<meta name=\"description\" content=\"Ilusalong P\u00e4rnus - Spes Ilutuba kontakt. Juuksur ja kosmeetik. Depilatsioon. Pedik\u00fc\u00fcr ja manik\u00fc\u00fcr. Juuste v\u00e4rvimine. Massaa\u017e. Erinevad iluteenused\" \/>\n<meta name=\"robots\" content=\"noindex, follow, max-snippet:-1, max-image-preview:large, max-video-preview:-1\" \/>\n<meta property=\"og:locale\" content=\"fi_FI\" \/>\n<meta property=\"og:type\" content=\"article\" \/>\n<meta property=\"og:title\" content=\"Ilusalong P\u00e4rnus - Spes Ilutuba kontakt\" \/>\n<meta property=\"og:description\" content=\"Ilusalong P\u00e4rnus - Spes Ilutuba kontakt. Juuksur ja kosmeetik. Depilatsioon. Pedik\u00fc\u00fcr ja manik\u00fc\u00fcr. Juuste v\u00e4rvimine. Massaa\u017e. Erinevad iluteenused\" \/>\n<meta property=\"og:url\" content=\"https:\/\/uus.iluteenusedparnus.com\/fi\/juukseloikus-parnus-kontakt\/\" \/>\n<meta property=\"og:site_name\" content=\"SPES Ilutuba - Ilusalong P&auml;rnus\" \/>\n<meta property=\"article:modified_time\" content=\"2025-11-07T13:50:35+00:00\" \/>\n<meta property=\"og:image\" content=\"https:\/\/uus.iluteenusedparnus.com\/wp-content\/uploads\/2013\/02\/spes.jpg\" \/>\n\t<meta property=\"og:image:width\" content=\"1024\" \/>\n\t<meta property=\"og:image:height\" content=\"571\" \/>\n\t<meta property=\"og:image:type\" content=\"image\/jpeg\" \/>\n<meta name=\"twitter:label1\" content=\"Arvioitu lukuaika\" \/>\n\t<meta name=\"twitter:data1\" content=\"1 minuutti\" \/>\n<script type=\"application\/ld+json\" class=\"yoast-schema-graph\">{\"@context\":\"https:\/\/schema.org\",\"@graph\":[{\"@type\":\"WebPage\",\"@id\":\"https:\/\/uus.iluteenusedparnus.com\/fi\/juukseloikus-parnus-kontakt\/\",\"url\":\"https:\/\/uus.iluteenusedparnus.com\/fi\/juukseloikus-parnus-kontakt\/\",\"name\":\"Ilusalong P\u00e4rnus - Spes Ilutuba kontakt\",\"isPartOf\":{\"@id\":\"https:\/\/uus.iluteenusedparnus.com\/#website\"},\"primaryImageOfPage\":{\"@id\":\"https:\/\/uus.iluteenusedparnus.com\/fi\/juukseloikus-parnus-kontakt\/#primaryimage\"},\"image\":{\"@id\":\"https:\/\/uus.iluteenusedparnus.com\/fi\/juukseloikus-parnus-kontakt\/#primaryimage\"},\"thumbnailUrl\":\"https:\/\/uus.iluteenusedparnus.com\/wp-content\/uploads\/2013\/02\/spes.jpg\",\"datePublished\":\"2013-02-28T14:50:57+00:00\",\"dateModified\":\"2025-11-07T13:50:35+00:00\",\"description\":\"Ilusalong P\u00e4rnus - Spes Ilutuba kontakt. Juuksur ja kosmeetik. Depilatsioon. Pedik\u00fc\u00fcr ja manik\u00fc\u00fcr. Juuste v\u00e4rvimine. Massaa\u017e. Erinevad iluteenused\",\"breadcrumb\":{\"@id\":\"https:\/\/uus.iluteenusedparnus.com\/fi\/juukseloikus-parnus-kontakt\/#breadcrumb\"},\"inLanguage\":\"fi\",\"potentialAction\":[{\"@type\":\"ReadAction\",\"target\":[\"https:\/\/uus.iluteenusedparnus.com\/fi\/juukseloikus-parnus-kontakt\/\"]}]},{\"@type\":\"ImageObject\",\"inLanguage\":\"fi\",\"@id\":\"https:\/\/uus.iluteenusedparnus.com\/fi\/juukseloikus-parnus-kontakt\/#primaryimage\",\"url\":\"https:\/\/uus.iluteenusedparnus.com\/wp-content\/uploads\/2013\/02\/spes.jpg\",\"contentUrl\":\"https:\/\/uus.iluteenusedparnus.com\/wp-content\/uploads\/2013\/02\/spes.jpg\"},{\"@type\":\"BreadcrumbList\",\"@id\":\"https:\/\/uus.iluteenusedparnus.com\/fi\/juukseloikus-parnus-kontakt\/#breadcrumb\",\"itemListElement\":[{\"@type\":\"ListItem\",\"position\":1,\"name\":\"Home\",\"item\":\"https:\/\/uus.iluteenusedparnus.com\/fi\/\"},{\"@type\":\"ListItem\",\"position\":2,\"name\":\"Spes Ilutuba &#8211; Ilusalong P\u00e4rnus &#8211; Kontakt\"}]},{\"@type\":\"WebSite\",\"@id\":\"https:\/\/uus.iluteenusedparnus.com\/#website\",\"url\":\"https:\/\/uus.iluteenusedparnus.com\/\",\"name\":\"SPES Ilutuba - Ilusalong P&auml;rnus\",\"description\":\"Juuksur, kosmeetik ja iluteenused\",\"potentialAction\":[{\"@type\":\"SearchAction\",\"target\":{\"@type\":\"EntryPoint\",\"urlTemplate\":\"https:\/\/uus.iluteenusedparnus.com\/?s={search_term_string}\"},\"query-input\":{\"@type\":\"PropertyValueSpecification\",\"valueRequired\":true,\"valueName\":\"search_term_string\"}}],\"inLanguage\":\"fi\"}]}<\/script>\n<!-- \/ Yoast SEO plugin. -->","yoast_head_json":{"title":"Ilusalong P\u00e4rnus - Spes Ilutuba kontakt","description":"Ilusalong P\u00e4rnus - Spes Ilutuba kontakt. Juuksur ja kosmeetik. Depilatsioon. Pedik\u00fc\u00fcr ja manik\u00fc\u00fcr. Juuste v\u00e4rvimine. Massaa\u017e. Erinevad iluteenused","robots":{"index":"noindex","follow":"follow","max-snippet":"max-snippet:-1","max-image-preview":"max-image-preview:large","max-video-preview":"max-video-preview:-1"},"og_locale":"fi_FI","og_type":"article","og_title":"Ilusalong P\u00e4rnus - Spes Ilutuba kontakt","og_description":"Ilusalong P\u00e4rnus - Spes Ilutuba kontakt. Juuksur ja kosmeetik. Depilatsioon. Pedik\u00fc\u00fcr ja manik\u00fc\u00fcr. Juuste v\u00e4rvimine. Massaa\u017e. Erinevad iluteenused","og_url":"https:\/\/uus.iluteenusedparnus.com\/fi\/juukseloikus-parnus-kontakt\/","og_site_name":"SPES Ilutuba - Ilusalong P&auml;rnus","article_modified_time":"2025-11-07T13:50:35+00:00","og_image":[{"width":1024,"height":571,"url":"https:\/\/uus.iluteenusedparnus.com\/wp-content\/uploads\/2013\/02\/spes.jpg","type":"image\/jpeg"}],"twitter_misc":{"Arvioitu lukuaika":"1 minuutti"},"schema":{"@context":"https:\/\/schema.org","@graph":[{"@type":"WebPage","@id":"https:\/\/uus.iluteenusedparnus.com\/fi\/juukseloikus-parnus-kontakt\/","url":"https:\/\/uus.iluteenusedparnus.com\/fi\/juukseloikus-parnus-kontakt\/","name":"Ilusalong P\u00e4rnus - Spes Ilutuba kontakt","isPartOf":{"@id":"https:\/\/uus.iluteenusedparnus.com\/#website"},"primaryImageOfPage":{"@id":"https:\/\/uus.iluteenusedparnus.com\/fi\/juukseloikus-parnus-kontakt\/#primaryimage"},"image":{"@id":"https:\/\/uus.iluteenusedparnus.com\/fi\/juukseloikus-parnus-kontakt\/#primaryimage"},"thumbnailUrl":"https:\/\/uus.iluteenusedparnus.com\/wp-content\/uploads\/2013\/02\/spes.jpg","datePublished":"2013-02-28T14:50:57+00:00","dateModified":"2025-11-07T13:50:35+00:00","description":"Ilusalong P\u00e4rnus - Spes Ilutuba kontakt. Juuksur ja kosmeetik. Depilatsioon. Pedik\u00fc\u00fcr ja manik\u00fc\u00fcr. Juuste v\u00e4rvimine. Massaa\u017e. Erinevad iluteenused","breadcrumb":{"@id":"https:\/\/uus.iluteenusedparnus.com\/fi\/juukseloikus-parnus-kontakt\/#breadcrumb"},"inLanguage":"fi","potentialAction":[{"@type":"ReadAction","target":["https:\/\/uus.iluteenusedparnus.com\/fi\/juukseloikus-parnus-kontakt\/"]}]},{"@type":"ImageObject","inLanguage":"fi","@id":"https:\/\/uus.iluteenusedparnus.com\/fi\/juukseloikus-parnus-kontakt\/#primaryimage","url":"https:\/\/uus.iluteenusedparnus.com\/wp-content\/uploads\/2013\/02\/spes.jpg","contentUrl":"https:\/\/uus.iluteenusedparnus.com\/wp-content\/uploads\/2013\/02\/spes.jpg"},{"@type":"BreadcrumbList","@id":"https:\/\/uus.iluteenusedparnus.com\/fi\/juukseloikus-parnus-kontakt\/#breadcrumb","itemListElement":[{"@type":"ListItem","position":1,"name":"Home","item":"https:\/\/uus.iluteenusedparnus.com\/fi\/"},{"@type":"ListItem","position":2,"name":"Spes Ilutuba &#8211; Ilusalong P\u00e4rnus &#8211; Kontakt"}]},{"@type":"WebSite","@id":"https:\/\/uus.iluteenusedparnus.com\/#website","url":"https:\/\/uus.iluteenusedparnus.com\/","name":"SPES Ilutuba - Ilusalong P&auml;rnus","description":"Juuksur, kosmeetik ja iluteenused","potentialAction":[{"@type":"SearchAction","target":{"@type":"EntryPoint","urlTemplate":"https:\/\/uus.iluteenusedparnus.com\/?s={search_term_string}"},"query-input":{"@type":"PropertyValueSpecification","valueRequired":true,"valueName":"search_term_string"}}],"inLanguage":"fi"}]}},"uagb_featured_image_src":{"full":false,"thumbnail":false,"medium":false,"medium_large":false,"large":false,"1536x1536":false,"2048x2048":false},"uagb_author_info":{"display_name":"Janek","author_link":"https:\/\/uus.iluteenusedparnus.com\/fi\/author\/janek\/"},"uagb_comment_info":0,"uagb_excerpt":"Spes Ilutuba L\u00e4het\u00e4 meille s\u00e4hk\u00f6postia","_links":{"self":[{"href":"https:\/\/uus.iluteenusedparnus.com\/fi\/wp-json\/wp\/v2\/pages\/245","targetHints":{"allow":["GET"]}}],"collection":[{"href":"https:\/\/uus.iluteenusedparnus.com\/fi\/wp-json\/wp\/v2\/pages"}],"about":[{"href":"https:\/\/uus.iluteenusedparnus.com\/fi\/wp-json\/wp\/v2\/types\/page"}],"author":[{"embeddable":true,"href":"https:\/\/uus.iluteenusedparnus.com\/fi\/wp-json\/wp\/v2\/users\/6"}],"replies":[{"embeddable":true,"href":"https:\/\/uus.iluteenusedparnus.com\/fi\/wp-json\/wp\/v2\/comments?post=245"}],"version-history":[{"count":10,"href":"https:\/\/uus.iluteenusedparnus.com\/fi\/wp-json\/wp\/v2\/pages\/245\/revisions"}],"predecessor-version":[{"id":1173,"href":"https:\/\/uus.iluteenusedparnus.com\/fi\/wp-json\/wp\/v2\/pages\/245\/revisions\/1173"}],"wp:attachment":[{"href":"https:\/\/uus.iluteenusedparnus.com\/fi\/wp-json\/wp\/v2\/media?parent=245"}],"curies":[{"name":"wp","href":"https:\/\/api.w.org\/{rel}","templated":true}]}}