{"id":243,"date":"2013-05-03T12:14:28","date_gmt":"2013-05-03T10:14:28","guid":{"rendered":"https:\/\/uus.iluteenusedparnus.com\/?page_id=243"},"modified":"2013-05-03T12:14:28","modified_gmt":"2013-05-03T10:14:28","slug":"hair-botox","status":"publish","type":"page","link":"https:\/\/uus.iluteenusedparnus.com\/fi\/hair-botox\/","title":{"rendered":"Hair Botox"},"content":{"rendered":"<p>Hairbotox on t\u00e4ydellinen hoito, joka palauttaa kadonneet proteiinit. Hoito ravitsee jokaista hiusta j\u00e4tt\u00e4m\u00e4ll\u00e4 ne suoraksi, pehme\u00e4ksi, hele\u00e4ksi ja helpommin kammattavaksi.<\/p>\n<p>HairBotox on suunniteltu ylik\u00e4sitellyille ja vaurioituneille elottomille hiuksille. Se sis\u00e4lt\u00e4\u00e4 tarvittavat proteiiniaineet ja antaa hiusten pintaan ravintoaineita rakentamalla uudelleen hiusten pintaan soluja ja antamalla niille uuden terveyden. Hoito antaa t\u00e4ydelliset hiukset 10 viikoksi.<\/p>\n<p>Kaikki t\u00e4m\u00e4 ilman parabeeneja ja formaldehydi\u00e4!<\/p>\n","protected":false},"excerpt":{"rendered":"<p>Hairbotox on t\u00e4ydellinen hoito, joka palauttaa kadonneet proteiinit. Hoito ravitsee jokaista hiusta j\u00e4tt\u00e4m\u00e4ll\u00e4 ne suoraksi, pehme\u00e4ksi, hele\u00e4ksi ja helpommin kammattavaksi. HairBotox on suunniteltu ylik\u00e4sitellyille ja vaurioituneille elottomille hiuksille. Se sis\u00e4lt\u00e4\u00e4 tarvittavat proteiiniaineet ja antaa hiusten pintaan ravintoaineita rakentamalla uudelleen hiusten pintaan soluja ja antamalla niille uuden terveyden. Hoito antaa t\u00e4ydelliset hiukset 10 viikoksi. Kaikki t\u00e4m\u00e4 [&hellip;]<\/p>\n","protected":false},"author":6,"featured_media":0,"parent":0,"menu_order":0,"comment_status":"closed","ping_status":"closed","template":"","meta":{"_uag_custom_page_level_css":"","footnotes":""},"class_list":["post-243","page","type-page","status-publish","hentry"],"blocksy_meta":[],"yoast_head":"<!-- This site is optimized with the Yoast SEO plugin v26.3 - https:\/\/yoast.com\/wordpress\/plugins\/seo\/ -->\n<title>Hairbotox - P\u00e4rnu<\/title>\n<meta name=\"description\" content=\"Hairbotox on t\u00e4ydellinen hoito, joka palauttaa kadonneet proteiinit. HairBotox on suunniteltu ylik\u00e4sitellyille ja vaurioituneille elottomille hiuksille.\" \/>\n<meta name=\"robots\" content=\"noindex, follow, max-snippet:-1, max-image-preview:large, max-video-preview:-1\" \/>\n<meta property=\"og:locale\" content=\"fi_FI\" \/>\n<meta property=\"og:type\" content=\"article\" \/>\n<meta property=\"og:title\" content=\"Hairbotox - P\u00e4rnu\" \/>\n<meta property=\"og:description\" content=\"Hairbotox on t\u00e4ydellinen hoito, joka palauttaa kadonneet proteiinit. HairBotox on suunniteltu ylik\u00e4sitellyille ja vaurioituneille elottomille hiuksille.\" \/>\n<meta property=\"og:url\" content=\"https:\/\/uus.iluteenusedparnus.com\/fi\/hair-botox\/\" \/>\n<meta property=\"og:site_name\" content=\"SPES Ilutuba - Ilusalong P&auml;rnus\" \/>\n<script type=\"application\/ld+json\" class=\"yoast-schema-graph\">{\"@context\":\"https:\/\/schema.org\",\"@graph\":[{\"@type\":\"WebPage\",\"@id\":\"https:\/\/uus.iluteenusedparnus.com\/fi\/hair-botox\/\",\"url\":\"https:\/\/uus.iluteenusedparnus.com\/fi\/hair-botox\/\",\"name\":\"Hairbotox - P\u00e4rnu\",\"isPartOf\":{\"@id\":\"https:\/\/uus.iluteenusedparnus.com\/#website\"},\"datePublished\":\"2013-05-03T10:14:28+00:00\",\"description\":\"Hairbotox on t\u00e4ydellinen hoito, joka palauttaa kadonneet proteiinit. HairBotox on suunniteltu ylik\u00e4sitellyille ja vaurioituneille elottomille hiuksille.\",\"breadcrumb\":{\"@id\":\"https:\/\/uus.iluteenusedparnus.com\/fi\/hair-botox\/#breadcrumb\"},\"inLanguage\":\"fi\",\"potentialAction\":[{\"@type\":\"ReadAction\",\"target\":[\"https:\/\/uus.iluteenusedparnus.com\/fi\/hair-botox\/\"]}]},{\"@type\":\"BreadcrumbList\",\"@id\":\"https:\/\/uus.iluteenusedparnus.com\/fi\/hair-botox\/#breadcrumb\",\"itemListElement\":[{\"@type\":\"ListItem\",\"position\":1,\"name\":\"Home\",\"item\":\"https:\/\/uus.iluteenusedparnus.com\/fi\/\"},{\"@type\":\"ListItem\",\"position\":2,\"name\":\"Hair Botox\"}]},{\"@type\":\"WebSite\",\"@id\":\"https:\/\/uus.iluteenusedparnus.com\/#website\",\"url\":\"https:\/\/uus.iluteenusedparnus.com\/\",\"name\":\"SPES Ilutuba - Ilusalong P&auml;rnus\",\"description\":\"Juuksur, kosmeetik ja iluteenused\",\"potentialAction\":[{\"@type\":\"SearchAction\",\"target\":{\"@type\":\"EntryPoint\",\"urlTemplate\":\"https:\/\/uus.iluteenusedparnus.com\/?s={search_term_string}\"},\"query-input\":{\"@type\":\"PropertyValueSpecification\",\"valueRequired\":true,\"valueName\":\"search_term_string\"}}],\"inLanguage\":\"fi\"}]}<\/script>\n<!-- \/ Yoast SEO plugin. -->","yoast_head_json":{"title":"Hairbotox - P\u00e4rnu","description":"Hairbotox on t\u00e4ydellinen hoito, joka palauttaa kadonneet proteiinit. HairBotox on suunniteltu ylik\u00e4sitellyille ja vaurioituneille elottomille hiuksille.","robots":{"index":"noindex","follow":"follow","max-snippet":"max-snippet:-1","max-image-preview":"max-image-preview:large","max-video-preview":"max-video-preview:-1"},"og_locale":"fi_FI","og_type":"article","og_title":"Hairbotox - P\u00e4rnu","og_description":"Hairbotox on t\u00e4ydellinen hoito, joka palauttaa kadonneet proteiinit. HairBotox on suunniteltu ylik\u00e4sitellyille ja vaurioituneille elottomille hiuksille.","og_url":"https:\/\/uus.iluteenusedparnus.com\/fi\/hair-botox\/","og_site_name":"SPES Ilutuba - Ilusalong P&auml;rnus","schema":{"@context":"https:\/\/schema.org","@graph":[{"@type":"WebPage","@id":"https:\/\/uus.iluteenusedparnus.com\/fi\/hair-botox\/","url":"https:\/\/uus.iluteenusedparnus.com\/fi\/hair-botox\/","name":"Hairbotox - P\u00e4rnu","isPartOf":{"@id":"https:\/\/uus.iluteenusedparnus.com\/#website"},"datePublished":"2013-05-03T10:14:28+00:00","description":"Hairbotox on t\u00e4ydellinen hoito, joka palauttaa kadonneet proteiinit. HairBotox on suunniteltu ylik\u00e4sitellyille ja vaurioituneille elottomille hiuksille.","breadcrumb":{"@id":"https:\/\/uus.iluteenusedparnus.com\/fi\/hair-botox\/#breadcrumb"},"inLanguage":"fi","potentialAction":[{"@type":"ReadAction","target":["https:\/\/uus.iluteenusedparnus.com\/fi\/hair-botox\/"]}]},{"@type":"BreadcrumbList","@id":"https:\/\/uus.iluteenusedparnus.com\/fi\/hair-botox\/#breadcrumb","itemListElement":[{"@type":"ListItem","position":1,"name":"Home","item":"https:\/\/uus.iluteenusedparnus.com\/fi\/"},{"@type":"ListItem","position":2,"name":"Hair Botox"}]},{"@type":"WebSite","@id":"https:\/\/uus.iluteenusedparnus.com\/#website","url":"https:\/\/uus.iluteenusedparnus.com\/","name":"SPES Ilutuba - Ilusalong P&auml;rnus","description":"Juuksur, kosmeetik ja iluteenused","potentialAction":[{"@type":"SearchAction","target":{"@type":"EntryPoint","urlTemplate":"https:\/\/uus.iluteenusedparnus.com\/?s={search_term_string}"},"query-input":{"@type":"PropertyValueSpecification","valueRequired":true,"valueName":"search_term_string"}}],"inLanguage":"fi"}]}},"uagb_featured_image_src":{"full":false,"thumbnail":false,"medium":false,"medium_large":false,"large":false,"1536x1536":false,"2048x2048":false},"uagb_author_info":{"display_name":"Janek","author_link":"https:\/\/uus.iluteenusedparnus.com\/fi\/author\/janek\/"},"uagb_comment_info":0,"uagb_excerpt":"Hairbotox on t\u00e4ydellinen hoito, joka palauttaa kadonneet proteiinit. Hoito ravitsee jokaista hiusta j\u00e4tt\u00e4m\u00e4ll\u00e4 ne suoraksi, pehme\u00e4ksi, hele\u00e4ksi ja helpommin kammattavaksi. HairBotox on suunniteltu ylik\u00e4sitellyille ja vaurioituneille elottomille hiuksille. Se sis\u00e4lt\u00e4\u00e4 tarvittavat proteiiniaineet ja antaa hiusten pintaan ravintoaineita rakentamalla uudelleen hiusten pintaan soluja ja antamalla niille uuden terveyden. Hoito antaa t\u00e4ydelliset hiukset 10 viikoksi. Kaikki t\u00e4m\u00e4&hellip;","_links":{"self":[{"href":"https:\/\/uus.iluteenusedparnus.com\/fi\/wp-json\/wp\/v2\/pages\/243","targetHints":{"allow":["GET"]}}],"collection":[{"href":"https:\/\/uus.iluteenusedparnus.com\/fi\/wp-json\/wp\/v2\/pages"}],"about":[{"href":"https:\/\/uus.iluteenusedparnus.com\/fi\/wp-json\/wp\/v2\/types\/page"}],"author":[{"embeddable":true,"href":"https:\/\/uus.iluteenusedparnus.com\/fi\/wp-json\/wp\/v2\/users\/6"}],"replies":[{"embeddable":true,"href":"https:\/\/uus.iluteenusedparnus.com\/fi\/wp-json\/wp\/v2\/comments?post=243"}],"version-history":[{"count":2,"href":"https:\/\/uus.iluteenusedparnus.com\/fi\/wp-json\/wp\/v2\/pages\/243\/revisions"}],"predecessor-version":[{"id":768,"href":"https:\/\/uus.iluteenusedparnus.com\/fi\/wp-json\/wp\/v2\/pages\/243\/revisions\/768"}],"wp:attachment":[{"href":"https:\/\/uus.iluteenusedparnus.com\/fi\/wp-json\/wp\/v2\/media?parent=243"}],"curies":[{"name":"wp","href":"https:\/\/api.w.org\/{rel}","templated":true}]}}