{"id":239,"date":"2013-05-03T12:11:34","date_gmt":"2013-05-03T10:11:34","guid":{"rendered":"https:\/\/uus.iluteenusedparnus.com\/?page_id=239"},"modified":"2013-05-03T12:11:34","modified_gmt":"2013-05-03T10:11:34","slug":"kampaaja","status":"publish","type":"page","link":"https:\/\/uus.iluteenusedparnus.com\/fi\/kampaaja\/","title":{"rendered":"Kampaaja"},"content":{"rendered":"<p>Olemme parturi-kampaamo, jossa palvellaan asiakasta ammattitaitoisesti tiedoilla ja taidoilla.<\/p>\n<p>Tuntuuko sinusta, ett\u00e4 n\u00e4yt\u00e4t aina samalta? \u00c4l\u00e4 en\u00e4\u00e4 j\u00e4\u00e4 menneisyyteen vaan uudista itse\u00e4si kauniilla muodonmuutoksella! Uudista ilmett\u00e4si alan ammattilaisten turvallisissa k\u00e4siss\u00e4. Kampaamomme henkil\u00f6kunta neuvoo ja opastaa mielell\u00e4\u00e4n, mik\u00e4 tyyli sopisi parhaiten juuri sinulle.<\/p>\n<p>Ty\u00f6ss\u00e4\u00e4n k\u00e4yt\u00e4mme\u00a0 eniten Goldwellin tuotteita lukien Elumenin ja Nectayan v\u00e4rej\u00e4.\u00a0 My\u00f6s k\u00e4yt\u00e4mme TIGIn ja <a href=\"http:\/\/www.farouk.ee\/\" target=\"_blank\">FAROUK SYSTEM <\/a>in tuotteita.<\/p>\n<p><a href=\"http:\/\/goldwell.fi\/tuotteet\/hiusvarit\/elumen\/\">Elumen<\/a>\u00a0<a href=\"http:\/\/goldwell.fi\/tuotteet\/hiusvarit\/elumen\/\">suorav\u00e4ri<\/a>\u00a0on innovatiivinen, hiusta parhaalla mahdollisella tavalla suojaava hiusv\u00e4ri, ilman hapetetta ja ammoniakkia. Ei sis\u00e4ll\u00e4 fenyleenidiamiineja. Sopii hyvin v\u00e4riallergikoille.<\/p>\n","protected":false},"excerpt":{"rendered":"<p>Olemme parturi-kampaamo, jossa palvellaan asiakasta ammattitaitoisesti tiedoilla ja taidoilla. Tuntuuko sinusta, ett\u00e4 n\u00e4yt\u00e4t aina samalta? \u00c4l\u00e4 en\u00e4\u00e4 j\u00e4\u00e4 menneisyyteen vaan uudista itse\u00e4si kauniilla muodonmuutoksella! Uudista ilmett\u00e4si alan ammattilaisten turvallisissa k\u00e4siss\u00e4. Kampaamomme henkil\u00f6kunta neuvoo ja opastaa mielell\u00e4\u00e4n, mik\u00e4 tyyli sopisi parhaiten juuri sinulle. Ty\u00f6ss\u00e4\u00e4n k\u00e4yt\u00e4mme\u00a0 eniten Goldwellin tuotteita lukien Elumenin ja Nectayan v\u00e4rej\u00e4.\u00a0 My\u00f6s k\u00e4yt\u00e4mme TIGIn [&hellip;]<\/p>\n","protected":false},"author":6,"featured_media":0,"parent":0,"menu_order":0,"comment_status":"closed","ping_status":"closed","template":"","meta":{"_uag_custom_page_level_css":"","footnotes":""},"class_list":["post-239","page","type-page","status-publish","hentry"],"blocksy_meta":[],"yoast_head":"<!-- This site is optimized with the Yoast SEO plugin v26.3 - https:\/\/yoast.com\/wordpress\/plugins\/seo\/ -->\n<title>Kampaaja - P\u00e4rnu<\/title>\n<meta name=\"description\" content=\"Kampaaja. Olemme parturi-kampaamo, jossa palvellaan asiakasta ammattitaitoisesti tiedoilla ja taidoilla.\" \/>\n<meta name=\"robots\" content=\"noindex, follow, max-snippet:-1, max-image-preview:large, max-video-preview:-1\" \/>\n<meta property=\"og:locale\" content=\"fi_FI\" \/>\n<meta property=\"og:type\" content=\"article\" \/>\n<meta property=\"og:title\" content=\"Kampaaja - P\u00e4rnu\" \/>\n<meta property=\"og:description\" content=\"Kampaaja. Olemme parturi-kampaamo, jossa palvellaan asiakasta ammattitaitoisesti tiedoilla ja taidoilla.\" \/>\n<meta property=\"og:url\" content=\"https:\/\/uus.iluteenusedparnus.com\/fi\/kampaaja\/\" \/>\n<meta property=\"og:site_name\" content=\"SPES Ilutuba - Ilusalong P&auml;rnus\" \/>\n<script type=\"application\/ld+json\" class=\"yoast-schema-graph\">{\"@context\":\"https:\/\/schema.org\",\"@graph\":[{\"@type\":\"WebPage\",\"@id\":\"https:\/\/uus.iluteenusedparnus.com\/fi\/kampaaja\/\",\"url\":\"https:\/\/uus.iluteenusedparnus.com\/fi\/kampaaja\/\",\"name\":\"Kampaaja - P\u00e4rnu\",\"isPartOf\":{\"@id\":\"https:\/\/uus.iluteenusedparnus.com\/#website\"},\"datePublished\":\"2013-05-03T10:11:34+00:00\",\"description\":\"Kampaaja. Olemme parturi-kampaamo, jossa palvellaan asiakasta ammattitaitoisesti tiedoilla ja taidoilla.\",\"breadcrumb\":{\"@id\":\"https:\/\/uus.iluteenusedparnus.com\/fi\/kampaaja\/#breadcrumb\"},\"inLanguage\":\"fi\",\"potentialAction\":[{\"@type\":\"ReadAction\",\"target\":[\"https:\/\/uus.iluteenusedparnus.com\/fi\/kampaaja\/\"]}]},{\"@type\":\"BreadcrumbList\",\"@id\":\"https:\/\/uus.iluteenusedparnus.com\/fi\/kampaaja\/#breadcrumb\",\"itemListElement\":[{\"@type\":\"ListItem\",\"position\":1,\"name\":\"Home\",\"item\":\"https:\/\/uus.iluteenusedparnus.com\/fi\/\"},{\"@type\":\"ListItem\",\"position\":2,\"name\":\"Kampaaja\"}]},{\"@type\":\"WebSite\",\"@id\":\"https:\/\/uus.iluteenusedparnus.com\/#website\",\"url\":\"https:\/\/uus.iluteenusedparnus.com\/\",\"name\":\"SPES Ilutuba - Ilusalong P&auml;rnus\",\"description\":\"Juuksur, kosmeetik ja iluteenused\",\"potentialAction\":[{\"@type\":\"SearchAction\",\"target\":{\"@type\":\"EntryPoint\",\"urlTemplate\":\"https:\/\/uus.iluteenusedparnus.com\/?s={search_term_string}\"},\"query-input\":{\"@type\":\"PropertyValueSpecification\",\"valueRequired\":true,\"valueName\":\"search_term_string\"}}],\"inLanguage\":\"fi\"}]}<\/script>\n<!-- \/ Yoast SEO plugin. -->","yoast_head_json":{"title":"Kampaaja - P\u00e4rnu","description":"Kampaaja. Olemme parturi-kampaamo, jossa palvellaan asiakasta ammattitaitoisesti tiedoilla ja taidoilla.","robots":{"index":"noindex","follow":"follow","max-snippet":"max-snippet:-1","max-image-preview":"max-image-preview:large","max-video-preview":"max-video-preview:-1"},"og_locale":"fi_FI","og_type":"article","og_title":"Kampaaja - P\u00e4rnu","og_description":"Kampaaja. Olemme parturi-kampaamo, jossa palvellaan asiakasta ammattitaitoisesti tiedoilla ja taidoilla.","og_url":"https:\/\/uus.iluteenusedparnus.com\/fi\/kampaaja\/","og_site_name":"SPES Ilutuba - Ilusalong P&auml;rnus","schema":{"@context":"https:\/\/schema.org","@graph":[{"@type":"WebPage","@id":"https:\/\/uus.iluteenusedparnus.com\/fi\/kampaaja\/","url":"https:\/\/uus.iluteenusedparnus.com\/fi\/kampaaja\/","name":"Kampaaja - P\u00e4rnu","isPartOf":{"@id":"https:\/\/uus.iluteenusedparnus.com\/#website"},"datePublished":"2013-05-03T10:11:34+00:00","description":"Kampaaja. Olemme parturi-kampaamo, jossa palvellaan asiakasta ammattitaitoisesti tiedoilla ja taidoilla.","breadcrumb":{"@id":"https:\/\/uus.iluteenusedparnus.com\/fi\/kampaaja\/#breadcrumb"},"inLanguage":"fi","potentialAction":[{"@type":"ReadAction","target":["https:\/\/uus.iluteenusedparnus.com\/fi\/kampaaja\/"]}]},{"@type":"BreadcrumbList","@id":"https:\/\/uus.iluteenusedparnus.com\/fi\/kampaaja\/#breadcrumb","itemListElement":[{"@type":"ListItem","position":1,"name":"Home","item":"https:\/\/uus.iluteenusedparnus.com\/fi\/"},{"@type":"ListItem","position":2,"name":"Kampaaja"}]},{"@type":"WebSite","@id":"https:\/\/uus.iluteenusedparnus.com\/#website","url":"https:\/\/uus.iluteenusedparnus.com\/","name":"SPES Ilutuba - Ilusalong P&auml;rnus","description":"Juuksur, kosmeetik ja iluteenused","potentialAction":[{"@type":"SearchAction","target":{"@type":"EntryPoint","urlTemplate":"https:\/\/uus.iluteenusedparnus.com\/?s={search_term_string}"},"query-input":{"@type":"PropertyValueSpecification","valueRequired":true,"valueName":"search_term_string"}}],"inLanguage":"fi"}]}},"uagb_featured_image_src":{"full":false,"thumbnail":false,"medium":false,"medium_large":false,"large":false,"1536x1536":false,"2048x2048":false},"uagb_author_info":{"display_name":"Janek","author_link":"https:\/\/uus.iluteenusedparnus.com\/fi\/author\/janek\/"},"uagb_comment_info":0,"uagb_excerpt":"Olemme parturi-kampaamo, jossa palvellaan asiakasta ammattitaitoisesti tiedoilla ja taidoilla. Tuntuuko sinusta, ett\u00e4 n\u00e4yt\u00e4t aina samalta? \u00c4l\u00e4 en\u00e4\u00e4 j\u00e4\u00e4 menneisyyteen vaan uudista itse\u00e4si kauniilla muodonmuutoksella! Uudista ilmett\u00e4si alan ammattilaisten turvallisissa k\u00e4siss\u00e4. Kampaamomme henkil\u00f6kunta neuvoo ja opastaa mielell\u00e4\u00e4n, mik\u00e4 tyyli sopisi parhaiten juuri sinulle. Ty\u00f6ss\u00e4\u00e4n k\u00e4yt\u00e4mme\u00a0 eniten Goldwellin tuotteita lukien Elumenin ja Nectayan v\u00e4rej\u00e4.\u00a0 My\u00f6s k\u00e4yt\u00e4mme TIGIn&hellip;","_links":{"self":[{"href":"https:\/\/uus.iluteenusedparnus.com\/fi\/wp-json\/wp\/v2\/pages\/239","targetHints":{"allow":["GET"]}}],"collection":[{"href":"https:\/\/uus.iluteenusedparnus.com\/fi\/wp-json\/wp\/v2\/pages"}],"about":[{"href":"https:\/\/uus.iluteenusedparnus.com\/fi\/wp-json\/wp\/v2\/types\/page"}],"author":[{"embeddable":true,"href":"https:\/\/uus.iluteenusedparnus.com\/fi\/wp-json\/wp\/v2\/users\/6"}],"replies":[{"embeddable":true,"href":"https:\/\/uus.iluteenusedparnus.com\/fi\/wp-json\/wp\/v2\/comments?post=239"}],"version-history":[{"count":2,"href":"https:\/\/uus.iluteenusedparnus.com\/fi\/wp-json\/wp\/v2\/pages\/239\/revisions"}],"predecessor-version":[{"id":777,"href":"https:\/\/uus.iluteenusedparnus.com\/fi\/wp-json\/wp\/v2\/pages\/239\/revisions\/777"}],"wp:attachment":[{"href":"https:\/\/uus.iluteenusedparnus.com\/fi\/wp-json\/wp\/v2\/media?parent=239"}],"curies":[{"name":"wp","href":"https:\/\/api.w.org\/{rel}","templated":true}]}}