{"id":234,"date":"2013-05-03T12:06:41","date_gmt":"2013-05-03T10:06:41","guid":{"rendered":"https:\/\/uus.iluteenusedparnus.com\/?page_id=234"},"modified":"2013-05-03T12:06:50","modified_gmt":"2013-05-03T10:06:50","slug":"karvanpoisto","status":"publish","type":"page","link":"https:\/\/uus.iluteenusedparnus.com\/fi\/karvanpoisto\/","title":{"rendered":"Karvanpoisto"},"content":{"rendered":"<p>Ammattimainen tapa poistaa h\u00e4iritsevi\u00e4 ihokarvoja. Karvoja poistetaan <strong>kuumavahauksen <\/strong>menetelm\u00e4ll\u00e4. Vahauksen etuna on, ett\u00e4 karva l\u00e4htee irti juurineen. L\u00e4mmitetyn vahan levitt\u00e4misen j\u00e4lkeen karvat poistetaan rep\u00e4isyliuskojen avulla.<\/p>\n<p>H\u00f6yl\u00e4\u00e4 k\u00e4ytett\u00e4ess\u00e4 pisteli\u00e4s s\u00e4nki tulee helposti esille jo seuraavana p\u00e4iv\u00e4n\u00e4 h\u00f6yl\u00e4ksest\u00e4. Sen sijaan vahaus luo pidempivaikutteisen sile\u00e4n ihon.<\/p>\n<p>NB! V\u00e4hint\u00e4\u00e4n 5mm. pituisia karvoja voi tulla poistamaan.<\/p>\n","protected":false},"excerpt":{"rendered":"<p>Ammattimainen tapa poistaa h\u00e4iritsevi\u00e4 ihokarvoja. Karvoja poistetaan kuumavahauksen menetelm\u00e4ll\u00e4. Vahauksen etuna on, ett\u00e4 karva l\u00e4htee irti juurineen. L\u00e4mmitetyn vahan levitt\u00e4misen j\u00e4lkeen karvat poistetaan rep\u00e4isyliuskojen avulla. H\u00f6yl\u00e4\u00e4 k\u00e4ytett\u00e4ess\u00e4 pisteli\u00e4s s\u00e4nki tulee helposti esille jo seuraavana p\u00e4iv\u00e4n\u00e4 h\u00f6yl\u00e4ksest\u00e4. Sen sijaan vahaus luo pidempivaikutteisen sile\u00e4n ihon. NB! V\u00e4hint\u00e4\u00e4n 5mm. pituisia karvoja voi tulla poistamaan.<\/p>\n","protected":false},"author":6,"featured_media":0,"parent":0,"menu_order":0,"comment_status":"closed","ping_status":"closed","template":"","meta":{"_uag_custom_page_level_css":"","footnotes":""},"class_list":["post-234","page","type-page","status-publish","hentry"],"blocksy_meta":[],"yoast_head":"<!-- This site is optimized with the Yoast SEO plugin v26.3 - https:\/\/yoast.com\/wordpress\/plugins\/seo\/ -->\n<title>Karvanpoisto - P\u00e4rnu<\/title>\n<meta name=\"description\" content=\"Karvanpoisto. Ammattimainen tapa poistaa h\u00e4iritsevi\u00e4 ihokarvoja. Karvoja poistetaan kuumavahauksen menetelm\u00e4ll\u00e4.\" \/>\n<meta name=\"robots\" content=\"noindex, follow, max-snippet:-1, max-image-preview:large, max-video-preview:-1\" \/>\n<meta property=\"og:locale\" content=\"fi_FI\" \/>\n<meta property=\"og:type\" content=\"article\" \/>\n<meta property=\"og:title\" content=\"Karvanpoisto - P\u00e4rnu\" \/>\n<meta property=\"og:description\" content=\"Karvanpoisto. Ammattimainen tapa poistaa h\u00e4iritsevi\u00e4 ihokarvoja. Karvoja poistetaan kuumavahauksen menetelm\u00e4ll\u00e4.\" \/>\n<meta property=\"og:url\" content=\"https:\/\/uus.iluteenusedparnus.com\/fi\/karvanpoisto\/\" \/>\n<meta property=\"og:site_name\" content=\"SPES Ilutuba - Ilusalong P&auml;rnus\" \/>\n<meta property=\"article:modified_time\" content=\"2013-05-03T10:06:50+00:00\" \/>\n<script type=\"application\/ld+json\" class=\"yoast-schema-graph\">{\"@context\":\"https:\/\/schema.org\",\"@graph\":[{\"@type\":\"WebPage\",\"@id\":\"https:\/\/uus.iluteenusedparnus.com\/fi\/karvanpoisto\/\",\"url\":\"https:\/\/uus.iluteenusedparnus.com\/fi\/karvanpoisto\/\",\"name\":\"Karvanpoisto - P\u00e4rnu\",\"isPartOf\":{\"@id\":\"https:\/\/uus.iluteenusedparnus.com\/#website\"},\"datePublished\":\"2013-05-03T10:06:41+00:00\",\"dateModified\":\"2013-05-03T10:06:50+00:00\",\"description\":\"Karvanpoisto. Ammattimainen tapa poistaa h\u00e4iritsevi\u00e4 ihokarvoja. Karvoja poistetaan kuumavahauksen menetelm\u00e4ll\u00e4.\",\"breadcrumb\":{\"@id\":\"https:\/\/uus.iluteenusedparnus.com\/fi\/karvanpoisto\/#breadcrumb\"},\"inLanguage\":\"fi\",\"potentialAction\":[{\"@type\":\"ReadAction\",\"target\":[\"https:\/\/uus.iluteenusedparnus.com\/fi\/karvanpoisto\/\"]}]},{\"@type\":\"BreadcrumbList\",\"@id\":\"https:\/\/uus.iluteenusedparnus.com\/fi\/karvanpoisto\/#breadcrumb\",\"itemListElement\":[{\"@type\":\"ListItem\",\"position\":1,\"name\":\"Home\",\"item\":\"https:\/\/uus.iluteenusedparnus.com\/fi\/\"},{\"@type\":\"ListItem\",\"position\":2,\"name\":\"Karvanpoisto\"}]},{\"@type\":\"WebSite\",\"@id\":\"https:\/\/uus.iluteenusedparnus.com\/#website\",\"url\":\"https:\/\/uus.iluteenusedparnus.com\/\",\"name\":\"SPES Ilutuba - Ilusalong P&auml;rnus\",\"description\":\"Juuksur, kosmeetik ja iluteenused\",\"potentialAction\":[{\"@type\":\"SearchAction\",\"target\":{\"@type\":\"EntryPoint\",\"urlTemplate\":\"https:\/\/uus.iluteenusedparnus.com\/?s={search_term_string}\"},\"query-input\":{\"@type\":\"PropertyValueSpecification\",\"valueRequired\":true,\"valueName\":\"search_term_string\"}}],\"inLanguage\":\"fi\"}]}<\/script>\n<!-- \/ Yoast SEO plugin. -->","yoast_head_json":{"title":"Karvanpoisto - P\u00e4rnu","description":"Karvanpoisto. Ammattimainen tapa poistaa h\u00e4iritsevi\u00e4 ihokarvoja. Karvoja poistetaan kuumavahauksen menetelm\u00e4ll\u00e4.","robots":{"index":"noindex","follow":"follow","max-snippet":"max-snippet:-1","max-image-preview":"max-image-preview:large","max-video-preview":"max-video-preview:-1"},"og_locale":"fi_FI","og_type":"article","og_title":"Karvanpoisto - P\u00e4rnu","og_description":"Karvanpoisto. Ammattimainen tapa poistaa h\u00e4iritsevi\u00e4 ihokarvoja. Karvoja poistetaan kuumavahauksen menetelm\u00e4ll\u00e4.","og_url":"https:\/\/uus.iluteenusedparnus.com\/fi\/karvanpoisto\/","og_site_name":"SPES Ilutuba - Ilusalong P&auml;rnus","article_modified_time":"2013-05-03T10:06:50+00:00","schema":{"@context":"https:\/\/schema.org","@graph":[{"@type":"WebPage","@id":"https:\/\/uus.iluteenusedparnus.com\/fi\/karvanpoisto\/","url":"https:\/\/uus.iluteenusedparnus.com\/fi\/karvanpoisto\/","name":"Karvanpoisto - P\u00e4rnu","isPartOf":{"@id":"https:\/\/uus.iluteenusedparnus.com\/#website"},"datePublished":"2013-05-03T10:06:41+00:00","dateModified":"2013-05-03T10:06:50+00:00","description":"Karvanpoisto. Ammattimainen tapa poistaa h\u00e4iritsevi\u00e4 ihokarvoja. Karvoja poistetaan kuumavahauksen menetelm\u00e4ll\u00e4.","breadcrumb":{"@id":"https:\/\/uus.iluteenusedparnus.com\/fi\/karvanpoisto\/#breadcrumb"},"inLanguage":"fi","potentialAction":[{"@type":"ReadAction","target":["https:\/\/uus.iluteenusedparnus.com\/fi\/karvanpoisto\/"]}]},{"@type":"BreadcrumbList","@id":"https:\/\/uus.iluteenusedparnus.com\/fi\/karvanpoisto\/#breadcrumb","itemListElement":[{"@type":"ListItem","position":1,"name":"Home","item":"https:\/\/uus.iluteenusedparnus.com\/fi\/"},{"@type":"ListItem","position":2,"name":"Karvanpoisto"}]},{"@type":"WebSite","@id":"https:\/\/uus.iluteenusedparnus.com\/#website","url":"https:\/\/uus.iluteenusedparnus.com\/","name":"SPES Ilutuba - Ilusalong P&auml;rnus","description":"Juuksur, kosmeetik ja iluteenused","potentialAction":[{"@type":"SearchAction","target":{"@type":"EntryPoint","urlTemplate":"https:\/\/uus.iluteenusedparnus.com\/?s={search_term_string}"},"query-input":{"@type":"PropertyValueSpecification","valueRequired":true,"valueName":"search_term_string"}}],"inLanguage":"fi"}]}},"uagb_featured_image_src":{"full":false,"thumbnail":false,"medium":false,"medium_large":false,"large":false,"1536x1536":false,"2048x2048":false},"uagb_author_info":{"display_name":"Janek","author_link":"https:\/\/uus.iluteenusedparnus.com\/fi\/author\/janek\/"},"uagb_comment_info":0,"uagb_excerpt":"Ammattimainen tapa poistaa h\u00e4iritsevi\u00e4 ihokarvoja. Karvoja poistetaan kuumavahauksen menetelm\u00e4ll\u00e4. Vahauksen etuna on, ett\u00e4 karva l\u00e4htee irti juurineen. L\u00e4mmitetyn vahan levitt\u00e4misen j\u00e4lkeen karvat poistetaan rep\u00e4isyliuskojen avulla. H\u00f6yl\u00e4\u00e4 k\u00e4ytett\u00e4ess\u00e4 pisteli\u00e4s s\u00e4nki tulee helposti esille jo seuraavana p\u00e4iv\u00e4n\u00e4 h\u00f6yl\u00e4ksest\u00e4. Sen sijaan vahaus luo pidempivaikutteisen sile\u00e4n ihon. NB! V\u00e4hint\u00e4\u00e4n 5mm. pituisia karvoja voi tulla poistamaan.","_links":{"self":[{"href":"https:\/\/uus.iluteenusedparnus.com\/fi\/wp-json\/wp\/v2\/pages\/234","targetHints":{"allow":["GET"]}}],"collection":[{"href":"https:\/\/uus.iluteenusedparnus.com\/fi\/wp-json\/wp\/v2\/pages"}],"about":[{"href":"https:\/\/uus.iluteenusedparnus.com\/fi\/wp-json\/wp\/v2\/types\/page"}],"author":[{"embeddable":true,"href":"https:\/\/uus.iluteenusedparnus.com\/fi\/wp-json\/wp\/v2\/users\/6"}],"replies":[{"embeddable":true,"href":"https:\/\/uus.iluteenusedparnus.com\/fi\/wp-json\/wp\/v2\/comments?post=234"}],"version-history":[{"count":3,"href":"https:\/\/uus.iluteenusedparnus.com\/fi\/wp-json\/wp\/v2\/pages\/234\/revisions"}],"predecessor-version":[{"id":775,"href":"https:\/\/uus.iluteenusedparnus.com\/fi\/wp-json\/wp\/v2\/pages\/234\/revisions\/775"}],"wp:attachment":[{"href":"https:\/\/uus.iluteenusedparnus.com\/fi\/wp-json\/wp\/v2\/media?parent=234"}],"curies":[{"name":"wp","href":"https:\/\/api.w.org\/{rel}","templated":true}]}}