{"id":232,"date":"2013-05-03T12:04:39","date_gmt":"2013-05-03T10:04:39","guid":{"rendered":"https:\/\/uus.iluteenusedparnus.com\/?page_id=232"},"modified":"2013-05-03T12:04:39","modified_gmt":"2013-05-03T10:04:39","slug":"ripsipermanentti","status":"publish","type":"page","link":"https:\/\/uus.iluteenusedparnus.com\/fi\/ripsipermanentti\/","title":{"rendered":"Ripsipermanentti"},"content":{"rendered":"<p>Nyt voit heitt\u00e4\u00e4 ripsientaivuttajasi roskakoriin, sill\u00e4 meill\u00e4 on sinulle ratkaisu: Helppo ja vaivaton ripsipermanentti auttaa sinua avartamaan katsettasi ja tekem\u00e4\u00e4n silmist\u00e4si upeat huomion keskipisteet!<\/p>\n<p>Ripsipermanentissa ripsien p\u00e4\u00e4lle kiinnitet\u00e4\u00e4n pienet rullat, joiden p\u00e4\u00e4lle yl\u00e4ripset liimataan. Rullia on tarjolla erikokoisia, jolloin kaarevuus voidaan valita juuri sinun ripsiisi sopivaksi. T\u00e4m\u00e4n j\u00e4lkeen ripsiin laitetaan kahta ainetta, jotka kiinnitt\u00e4v\u00e4t permanentin ripsiisi. Aineiden poistettua, laitetaan viel\u00e4 hoitoaine, mink\u00e4 j\u00e4lkeen tarrarullat irrotetaan varovasti. Hoito kest\u00e4\u00e4 noin 60 minuuttia.<\/p>\n<p>Niin lyhyt- kuin pitk\u00e4ripsisillekin soveltuva ripsipermanentti kest\u00e4\u00e4 yleens\u00e4 n. 1\u20132 kuukautta, mink\u00e4 aikana ripsi uusiutuu ja permanentti kasvaa ripsist\u00e4 ulos. Seuraava permanentti suositellaan otettavaksi vasta, kun edellinen on poistunut kokonaan ripsist\u00e4.<\/p>\n","protected":false},"excerpt":{"rendered":"<p>Nyt voit heitt\u00e4\u00e4 ripsientaivuttajasi roskakoriin, sill\u00e4 meill\u00e4 on sinulle ratkaisu: Helppo ja vaivaton ripsipermanentti auttaa sinua avartamaan katsettasi ja tekem\u00e4\u00e4n silmist\u00e4si upeat huomion keskipisteet! Ripsipermanentissa ripsien p\u00e4\u00e4lle kiinnitet\u00e4\u00e4n pienet rullat, joiden p\u00e4\u00e4lle yl\u00e4ripset liimataan. Rullia on tarjolla erikokoisia, jolloin kaarevuus voidaan valita juuri sinun ripsiisi sopivaksi. T\u00e4m\u00e4n j\u00e4lkeen ripsiin laitetaan kahta ainetta, jotka kiinnitt\u00e4v\u00e4t permanentin [&hellip;]<\/p>\n","protected":false},"author":6,"featured_media":0,"parent":0,"menu_order":0,"comment_status":"closed","ping_status":"closed","template":"template-large-sidebar.php","meta":{"_uag_custom_page_level_css":"","footnotes":""},"class_list":["post-232","page","type-page","status-publish","hentry"],"blocksy_meta":[],"yoast_head":"<!-- This site is optimized with the Yoast SEO plugin v26.3 - https:\/\/yoast.com\/wordpress\/plugins\/seo\/ -->\n<title>Ripsipermanentti - P\u00e4rnu<\/title>\n<meta name=\"description\" content=\"Ripsipermanentissa ripsien p\u00e4\u00e4lle kiinnitet\u00e4\u00e4n pienet rullat, joiden p\u00e4\u00e4lle yl\u00e4ripset liimataan.\" \/>\n<meta name=\"robots\" content=\"noindex, follow, max-snippet:-1, max-image-preview:large, max-video-preview:-1\" \/>\n<meta property=\"og:locale\" content=\"fi_FI\" \/>\n<meta property=\"og:type\" content=\"article\" \/>\n<meta property=\"og:title\" content=\"Ripsipermanentti - P\u00e4rnu\" \/>\n<meta property=\"og:description\" content=\"Ripsipermanentissa ripsien p\u00e4\u00e4lle kiinnitet\u00e4\u00e4n pienet rullat, joiden p\u00e4\u00e4lle yl\u00e4ripset liimataan.\" \/>\n<meta property=\"og:url\" content=\"https:\/\/uus.iluteenusedparnus.com\/fi\/ripsipermanentti\/\" \/>\n<meta property=\"og:site_name\" content=\"SPES Ilutuba - Ilusalong P&auml;rnus\" \/>\n<meta name=\"twitter:label1\" content=\"Arvioitu lukuaika\" \/>\n\t<meta name=\"twitter:data1\" content=\"1 minuutti\" \/>\n<script type=\"application\/ld+json\" class=\"yoast-schema-graph\">{\"@context\":\"https:\/\/schema.org\",\"@graph\":[{\"@type\":\"WebPage\",\"@id\":\"https:\/\/uus.iluteenusedparnus.com\/fi\/ripsipermanentti\/\",\"url\":\"https:\/\/uus.iluteenusedparnus.com\/fi\/ripsipermanentti\/\",\"name\":\"Ripsipermanentti - P\u00e4rnu\",\"isPartOf\":{\"@id\":\"https:\/\/uus.iluteenusedparnus.com\/#website\"},\"datePublished\":\"2013-05-03T10:04:39+00:00\",\"description\":\"Ripsipermanentissa ripsien p\u00e4\u00e4lle kiinnitet\u00e4\u00e4n pienet rullat, joiden p\u00e4\u00e4lle yl\u00e4ripset liimataan.\",\"breadcrumb\":{\"@id\":\"https:\/\/uus.iluteenusedparnus.com\/fi\/ripsipermanentti\/#breadcrumb\"},\"inLanguage\":\"fi\",\"potentialAction\":[{\"@type\":\"ReadAction\",\"target\":[\"https:\/\/uus.iluteenusedparnus.com\/fi\/ripsipermanentti\/\"]}]},{\"@type\":\"BreadcrumbList\",\"@id\":\"https:\/\/uus.iluteenusedparnus.com\/fi\/ripsipermanentti\/#breadcrumb\",\"itemListElement\":[{\"@type\":\"ListItem\",\"position\":1,\"name\":\"Home\",\"item\":\"https:\/\/uus.iluteenusedparnus.com\/fi\/\"},{\"@type\":\"ListItem\",\"position\":2,\"name\":\"Ripsipermanentti\"}]},{\"@type\":\"WebSite\",\"@id\":\"https:\/\/uus.iluteenusedparnus.com\/#website\",\"url\":\"https:\/\/uus.iluteenusedparnus.com\/\",\"name\":\"SPES Ilutuba - Ilusalong P&auml;rnus\",\"description\":\"Juuksur, kosmeetik ja iluteenused\",\"potentialAction\":[{\"@type\":\"SearchAction\",\"target\":{\"@type\":\"EntryPoint\",\"urlTemplate\":\"https:\/\/uus.iluteenusedparnus.com\/?s={search_term_string}\"},\"query-input\":{\"@type\":\"PropertyValueSpecification\",\"valueRequired\":true,\"valueName\":\"search_term_string\"}}],\"inLanguage\":\"fi\"}]}<\/script>\n<!-- \/ Yoast SEO plugin. -->","yoast_head_json":{"title":"Ripsipermanentti - P\u00e4rnu","description":"Ripsipermanentissa ripsien p\u00e4\u00e4lle kiinnitet\u00e4\u00e4n pienet rullat, joiden p\u00e4\u00e4lle yl\u00e4ripset liimataan.","robots":{"index":"noindex","follow":"follow","max-snippet":"max-snippet:-1","max-image-preview":"max-image-preview:large","max-video-preview":"max-video-preview:-1"},"og_locale":"fi_FI","og_type":"article","og_title":"Ripsipermanentti - P\u00e4rnu","og_description":"Ripsipermanentissa ripsien p\u00e4\u00e4lle kiinnitet\u00e4\u00e4n pienet rullat, joiden p\u00e4\u00e4lle yl\u00e4ripset liimataan.","og_url":"https:\/\/uus.iluteenusedparnus.com\/fi\/ripsipermanentti\/","og_site_name":"SPES Ilutuba - Ilusalong P&auml;rnus","twitter_misc":{"Arvioitu lukuaika":"1 minuutti"},"schema":{"@context":"https:\/\/schema.org","@graph":[{"@type":"WebPage","@id":"https:\/\/uus.iluteenusedparnus.com\/fi\/ripsipermanentti\/","url":"https:\/\/uus.iluteenusedparnus.com\/fi\/ripsipermanentti\/","name":"Ripsipermanentti - P\u00e4rnu","isPartOf":{"@id":"https:\/\/uus.iluteenusedparnus.com\/#website"},"datePublished":"2013-05-03T10:04:39+00:00","description":"Ripsipermanentissa ripsien p\u00e4\u00e4lle kiinnitet\u00e4\u00e4n pienet rullat, joiden p\u00e4\u00e4lle yl\u00e4ripset liimataan.","breadcrumb":{"@id":"https:\/\/uus.iluteenusedparnus.com\/fi\/ripsipermanentti\/#breadcrumb"},"inLanguage":"fi","potentialAction":[{"@type":"ReadAction","target":["https:\/\/uus.iluteenusedparnus.com\/fi\/ripsipermanentti\/"]}]},{"@type":"BreadcrumbList","@id":"https:\/\/uus.iluteenusedparnus.com\/fi\/ripsipermanentti\/#breadcrumb","itemListElement":[{"@type":"ListItem","position":1,"name":"Home","item":"https:\/\/uus.iluteenusedparnus.com\/fi\/"},{"@type":"ListItem","position":2,"name":"Ripsipermanentti"}]},{"@type":"WebSite","@id":"https:\/\/uus.iluteenusedparnus.com\/#website","url":"https:\/\/uus.iluteenusedparnus.com\/","name":"SPES Ilutuba - Ilusalong P&auml;rnus","description":"Juuksur, kosmeetik ja iluteenused","potentialAction":[{"@type":"SearchAction","target":{"@type":"EntryPoint","urlTemplate":"https:\/\/uus.iluteenusedparnus.com\/?s={search_term_string}"},"query-input":{"@type":"PropertyValueSpecification","valueRequired":true,"valueName":"search_term_string"}}],"inLanguage":"fi"}]}},"uagb_featured_image_src":{"full":false,"thumbnail":false,"medium":false,"medium_large":false,"large":false,"1536x1536":false,"2048x2048":false},"uagb_author_info":{"display_name":"Janek","author_link":"https:\/\/uus.iluteenusedparnus.com\/fi\/author\/janek\/"},"uagb_comment_info":0,"uagb_excerpt":"Nyt voit heitt\u00e4\u00e4 ripsientaivuttajasi roskakoriin, sill\u00e4 meill\u00e4 on sinulle ratkaisu: Helppo ja vaivaton ripsipermanentti auttaa sinua avartamaan katsettasi ja tekem\u00e4\u00e4n silmist\u00e4si upeat huomion keskipisteet! Ripsipermanentissa ripsien p\u00e4\u00e4lle kiinnitet\u00e4\u00e4n pienet rullat, joiden p\u00e4\u00e4lle yl\u00e4ripset liimataan. Rullia on tarjolla erikokoisia, jolloin kaarevuus voidaan valita juuri sinun ripsiisi sopivaksi. T\u00e4m\u00e4n j\u00e4lkeen ripsiin laitetaan kahta ainetta, jotka kiinnitt\u00e4v\u00e4t permanentin&hellip;","_links":{"self":[{"href":"https:\/\/uus.iluteenusedparnus.com\/fi\/wp-json\/wp\/v2\/pages\/232","targetHints":{"allow":["GET"]}}],"collection":[{"href":"https:\/\/uus.iluteenusedparnus.com\/fi\/wp-json\/wp\/v2\/pages"}],"about":[{"href":"https:\/\/uus.iluteenusedparnus.com\/fi\/wp-json\/wp\/v2\/types\/page"}],"author":[{"embeddable":true,"href":"https:\/\/uus.iluteenusedparnus.com\/fi\/wp-json\/wp\/v2\/users\/6"}],"replies":[{"embeddable":true,"href":"https:\/\/uus.iluteenusedparnus.com\/fi\/wp-json\/wp\/v2\/comments?post=232"}],"version-history":[{"count":2,"href":"https:\/\/uus.iluteenusedparnus.com\/fi\/wp-json\/wp\/v2\/pages\/232\/revisions"}],"predecessor-version":[{"id":779,"href":"https:\/\/uus.iluteenusedparnus.com\/fi\/wp-json\/wp\/v2\/pages\/232\/revisions\/779"}],"wp:attachment":[{"href":"https:\/\/uus.iluteenusedparnus.com\/fi\/wp-json\/wp\/v2\/media?parent=232"}],"curies":[{"name":"wp","href":"https:\/\/api.w.org\/{rel}","templated":true}]}}