{"id":229,"date":"2013-05-03T12:02:02","date_gmt":"2013-05-03T10:02:02","guid":{"rendered":"https:\/\/uus.iluteenusedparnus.com\/?page_id=229"},"modified":"2013-05-03T12:02:55","modified_gmt":"2013-05-03T10:02:55","slug":"ripsipidennys","status":"publish","type":"page","link":"https:\/\/uus.iluteenusedparnus.com\/fi\/ripsipidennys\/","title":{"rendered":"Ripsipidennys"},"content":{"rendered":"<p>Haluatko saada pysyv\u00e4mp\u00e4\u00e4 helpotusta arkimeikin tekoon ja n\u00e4ytt\u00e4\u00e4 upealta t\u00e4ysin ilman silm\u00e4meikki\u00e4? \u2013 Ilman sateessa ja tuulessa poskille valuvaa ripsiv\u00e4ri\u00e4..<\/p>\n<p>Ripsien pidennys on todella helppo ja nopea tapa saada hetkess\u00e4 kauniisti kaareutuvat ja luonnollisen tuuheat unelmaripset. Ripsi\u00e4 on useita eri pituuksia ja kahta vahvuutta ja kahta kaarevuutta.<\/p>\n<p>Kestoripset pysyv\u00e4t jopa 2 &#8211; 4 viikko. t\u00e4ysin paikallaan, eiv\u00e4tk\u00e4 rajoita mill\u00e4\u00e4n tavalla normaalia el\u00e4m\u00e4\u00e4si. Ripsi\u00e4 voi toki pit\u00e4\u00e4 kauemminkin, mutta silloin niit\u00e4 t\u00e4ytyy v\u00e4lill\u00e4 huoltaa.\u00a0 Asennus kest\u00e4\u00e4 noin 2h ja huolto 1-1,5h.<\/p>\n<p>Kun olet p\u00e4\u00e4tt\u00e4nyt pident\u00e4\u00e4 ripsesi, niin \u00e4l\u00e4 v\u00e4rj\u00e4\u00e4 tai taivuta niit\u00e4 ennen ripsien pidennyst\u00e4.<\/p>\n<p>&nbsp;<\/p>\n","protected":false},"excerpt":{"rendered":"<p>Haluatko saada pysyv\u00e4mp\u00e4\u00e4 helpotusta arkimeikin tekoon ja n\u00e4ytt\u00e4\u00e4 upealta t\u00e4ysin ilman silm\u00e4meikki\u00e4? \u2013 Ilman sateessa ja tuulessa poskille valuvaa ripsiv\u00e4ri\u00e4.. Ripsien pidennys on todella helppo ja nopea tapa saada hetkess\u00e4 kauniisti kaareutuvat ja luonnollisen tuuheat unelmaripset. Ripsi\u00e4 on useita eri pituuksia ja kahta vahvuutta ja kahta kaarevuutta. Kestoripset pysyv\u00e4t jopa 2 &#8211; 4 viikko. t\u00e4ysin [&hellip;]<\/p>\n","protected":false},"author":6,"featured_media":0,"parent":0,"menu_order":0,"comment_status":"closed","ping_status":"closed","template":"","meta":{"_uag_custom_page_level_css":"","footnotes":""},"class_list":["post-229","page","type-page","status-publish","hentry"],"blocksy_meta":[],"yoast_head":"<!-- This site is optimized with the Yoast SEO plugin v26.3 - https:\/\/yoast.com\/wordpress\/plugins\/seo\/ -->\n<title>Ripsien pidennys - P\u00e4rnu<\/title>\n<meta name=\"description\" content=\"Ripsien pidennys on todella helppo ja nopea tapa saada hetkess\u00e4 kauniisti kaareutuvat ja luonnollisen tuuheat unelmaripset.\" \/>\n<meta name=\"robots\" content=\"noindex, follow, max-snippet:-1, max-image-preview:large, max-video-preview:-1\" \/>\n<meta property=\"og:locale\" content=\"fi_FI\" \/>\n<meta property=\"og:type\" content=\"article\" \/>\n<meta property=\"og:title\" content=\"Ripsien pidennys - P\u00e4rnu\" \/>\n<meta property=\"og:description\" content=\"Ripsien pidennys on todella helppo ja nopea tapa saada hetkess\u00e4 kauniisti kaareutuvat ja luonnollisen tuuheat unelmaripset.\" \/>\n<meta property=\"og:url\" content=\"https:\/\/uus.iluteenusedparnus.com\/fi\/ripsipidennys\/\" \/>\n<meta property=\"og:site_name\" content=\"SPES Ilutuba - Ilusalong P&auml;rnus\" \/>\n<meta property=\"article:modified_time\" content=\"2013-05-03T10:02:55+00:00\" \/>\n<meta name=\"twitter:label1\" content=\"Arvioitu lukuaika\" \/>\n\t<meta name=\"twitter:data1\" content=\"1 minuutti\" \/>\n<script type=\"application\/ld+json\" class=\"yoast-schema-graph\">{\"@context\":\"https:\/\/schema.org\",\"@graph\":[{\"@type\":\"WebPage\",\"@id\":\"https:\/\/uus.iluteenusedparnus.com\/fi\/ripsipidennys\/\",\"url\":\"https:\/\/uus.iluteenusedparnus.com\/fi\/ripsipidennys\/\",\"name\":\"Ripsien pidennys - P\u00e4rnu\",\"isPartOf\":{\"@id\":\"https:\/\/uus.iluteenusedparnus.com\/#website\"},\"datePublished\":\"2013-05-03T10:02:02+00:00\",\"dateModified\":\"2013-05-03T10:02:55+00:00\",\"description\":\"Ripsien pidennys on todella helppo ja nopea tapa saada hetkess\u00e4 kauniisti kaareutuvat ja luonnollisen tuuheat unelmaripset.\",\"breadcrumb\":{\"@id\":\"https:\/\/uus.iluteenusedparnus.com\/fi\/ripsipidennys\/#breadcrumb\"},\"inLanguage\":\"fi\",\"potentialAction\":[{\"@type\":\"ReadAction\",\"target\":[\"https:\/\/uus.iluteenusedparnus.com\/fi\/ripsipidennys\/\"]}]},{\"@type\":\"BreadcrumbList\",\"@id\":\"https:\/\/uus.iluteenusedparnus.com\/fi\/ripsipidennys\/#breadcrumb\",\"itemListElement\":[{\"@type\":\"ListItem\",\"position\":1,\"name\":\"Home\",\"item\":\"https:\/\/uus.iluteenusedparnus.com\/fi\/\"},{\"@type\":\"ListItem\",\"position\":2,\"name\":\"Ripsipidennys\"}]},{\"@type\":\"WebSite\",\"@id\":\"https:\/\/uus.iluteenusedparnus.com\/#website\",\"url\":\"https:\/\/uus.iluteenusedparnus.com\/\",\"name\":\"SPES Ilutuba - Ilusalong P&auml;rnus\",\"description\":\"Juuksur, kosmeetik ja iluteenused\",\"potentialAction\":[{\"@type\":\"SearchAction\",\"target\":{\"@type\":\"EntryPoint\",\"urlTemplate\":\"https:\/\/uus.iluteenusedparnus.com\/?s={search_term_string}\"},\"query-input\":{\"@type\":\"PropertyValueSpecification\",\"valueRequired\":true,\"valueName\":\"search_term_string\"}}],\"inLanguage\":\"fi\"}]}<\/script>\n<!-- \/ Yoast SEO plugin. -->","yoast_head_json":{"title":"Ripsien pidennys - P\u00e4rnu","description":"Ripsien pidennys on todella helppo ja nopea tapa saada hetkess\u00e4 kauniisti kaareutuvat ja luonnollisen tuuheat unelmaripset.","robots":{"index":"noindex","follow":"follow","max-snippet":"max-snippet:-1","max-image-preview":"max-image-preview:large","max-video-preview":"max-video-preview:-1"},"og_locale":"fi_FI","og_type":"article","og_title":"Ripsien pidennys - P\u00e4rnu","og_description":"Ripsien pidennys on todella helppo ja nopea tapa saada hetkess\u00e4 kauniisti kaareutuvat ja luonnollisen tuuheat unelmaripset.","og_url":"https:\/\/uus.iluteenusedparnus.com\/fi\/ripsipidennys\/","og_site_name":"SPES Ilutuba - Ilusalong P&auml;rnus","article_modified_time":"2013-05-03T10:02:55+00:00","twitter_misc":{"Arvioitu lukuaika":"1 minuutti"},"schema":{"@context":"https:\/\/schema.org","@graph":[{"@type":"WebPage","@id":"https:\/\/uus.iluteenusedparnus.com\/fi\/ripsipidennys\/","url":"https:\/\/uus.iluteenusedparnus.com\/fi\/ripsipidennys\/","name":"Ripsien pidennys - P\u00e4rnu","isPartOf":{"@id":"https:\/\/uus.iluteenusedparnus.com\/#website"},"datePublished":"2013-05-03T10:02:02+00:00","dateModified":"2013-05-03T10:02:55+00:00","description":"Ripsien pidennys on todella helppo ja nopea tapa saada hetkess\u00e4 kauniisti kaareutuvat ja luonnollisen tuuheat unelmaripset.","breadcrumb":{"@id":"https:\/\/uus.iluteenusedparnus.com\/fi\/ripsipidennys\/#breadcrumb"},"inLanguage":"fi","potentialAction":[{"@type":"ReadAction","target":["https:\/\/uus.iluteenusedparnus.com\/fi\/ripsipidennys\/"]}]},{"@type":"BreadcrumbList","@id":"https:\/\/uus.iluteenusedparnus.com\/fi\/ripsipidennys\/#breadcrumb","itemListElement":[{"@type":"ListItem","position":1,"name":"Home","item":"https:\/\/uus.iluteenusedparnus.com\/fi\/"},{"@type":"ListItem","position":2,"name":"Ripsipidennys"}]},{"@type":"WebSite","@id":"https:\/\/uus.iluteenusedparnus.com\/#website","url":"https:\/\/uus.iluteenusedparnus.com\/","name":"SPES Ilutuba - Ilusalong P&auml;rnus","description":"Juuksur, kosmeetik ja iluteenused","potentialAction":[{"@type":"SearchAction","target":{"@type":"EntryPoint","urlTemplate":"https:\/\/uus.iluteenusedparnus.com\/?s={search_term_string}"},"query-input":{"@type":"PropertyValueSpecification","valueRequired":true,"valueName":"search_term_string"}}],"inLanguage":"fi"}]}},"uagb_featured_image_src":{"full":false,"thumbnail":false,"medium":false,"medium_large":false,"large":false,"1536x1536":false,"2048x2048":false},"uagb_author_info":{"display_name":"Janek","author_link":"https:\/\/uus.iluteenusedparnus.com\/fi\/author\/janek\/"},"uagb_comment_info":0,"uagb_excerpt":"Haluatko saada pysyv\u00e4mp\u00e4\u00e4 helpotusta arkimeikin tekoon ja n\u00e4ytt\u00e4\u00e4 upealta t\u00e4ysin ilman silm\u00e4meikki\u00e4? \u2013 Ilman sateessa ja tuulessa poskille valuvaa ripsiv\u00e4ri\u00e4.. Ripsien pidennys on todella helppo ja nopea tapa saada hetkess\u00e4 kauniisti kaareutuvat ja luonnollisen tuuheat unelmaripset. Ripsi\u00e4 on useita eri pituuksia ja kahta vahvuutta ja kahta kaarevuutta. Kestoripset pysyv\u00e4t jopa 2 &#8211; 4 viikko. t\u00e4ysin&hellip;","_links":{"self":[{"href":"https:\/\/uus.iluteenusedparnus.com\/fi\/wp-json\/wp\/v2\/pages\/229","targetHints":{"allow":["GET"]}}],"collection":[{"href":"https:\/\/uus.iluteenusedparnus.com\/fi\/wp-json\/wp\/v2\/pages"}],"about":[{"href":"https:\/\/uus.iluteenusedparnus.com\/fi\/wp-json\/wp\/v2\/types\/page"}],"author":[{"embeddable":true,"href":"https:\/\/uus.iluteenusedparnus.com\/fi\/wp-json\/wp\/v2\/users\/6"}],"replies":[{"embeddable":true,"href":"https:\/\/uus.iluteenusedparnus.com\/fi\/wp-json\/wp\/v2\/comments?post=229"}],"version-history":[{"count":2,"href":"https:\/\/uus.iluteenusedparnus.com\/fi\/wp-json\/wp\/v2\/pages\/229\/revisions"}],"predecessor-version":[{"id":231,"href":"https:\/\/uus.iluteenusedparnus.com\/fi\/wp-json\/wp\/v2\/pages\/229\/revisions\/231"}],"wp:attachment":[{"href":"https:\/\/uus.iluteenusedparnus.com\/fi\/wp-json\/wp\/v2\/media?parent=229"}],"curies":[{"name":"wp","href":"https:\/\/api.w.org\/{rel}","templated":true}]}}