{"id":227,"date":"2013-05-03T11:24:18","date_gmt":"2013-05-03T09:24:18","guid":{"rendered":"https:\/\/uus.iluteenusedparnus.com\/?page_id=227"},"modified":"2013-05-03T11:24:18","modified_gmt":"2013-05-03T09:24:18","slug":"jalkahoito-parnu","status":"publish","type":"page","link":"https:\/\/uus.iluteenusedparnus.com\/fi\/jalkahoito-parnu\/","title":{"rendered":"Jalkahoidot"},"content":{"rendered":"<p>Jalkahoito parantaa jalkojen kuntoa ja ehk\u00e4isee jalkaongelmien synty\u00e4. Jalkaongelmia muodostuu usein huonosti istuvista kengist\u00e4, varpaankynsiongelmista, kuivasta ihosta, ihon kovettumista ja halkeilusta.<\/p>\n<p>Jalkojen ihoon ja kynsiin voivat vaikuttaa monet sis\u00e4iset ja ulkoiset tekij\u00e4t kuten perinn\u00f6llinen jalan malli, hikoilu tai seisomaty\u00f6. Jalkojen hyvinvointi on t\u00e4rke\u00e4 osa terveytt\u00e4, koska pienetkin ongelmat jaloissa, kuten hiertym\u00e4t, vaikuttavat k\u00e4velyyn ja yleiseen hyvinvointiin.<\/p>\n<p>Jalkojen iho on paksumpaa kuin muualla kehossa, joten oikeiden tuotteiden k\u00e4ytt\u00e4minen on suositeltavaa. Jalkojen p\u00e4ivitt\u00e4inen kosteutus\u00a0jalkavoiteella ehk\u00e4isee kovettumien sek\u00e4 halkeamien muodostumista ja pit\u00e4\u00e4 jalat pehmein\u00e4 ja huolitellun n\u00e4k\u00f6isin\u00e4.<\/p>\n<p>My\u00f6s varpaan kynsist\u00e4 on hyv\u00e4 pit\u00e4\u00e4 huolta s\u00e4\u00e4nn\u00f6llisesti. Varpaan kynnet on syyt\u00e4 pit\u00e4\u00e4 sopivan pituisina kynsisaksilla tai -leikkurilla, ja kynsinauhat painella manikyyritikulla. Lis\u00e4ksi jalat kannattaa kuoria vakituisesti jalkahoitojen v\u00e4liss\u00e4. Kuorinta silottaa ja poistaa kuollutta ihosolukkoa.<\/p>\n<p>Jalkahoidosta voi tehd\u00e4 s\u00e4\u00e4nn\u00f6llisen hemmottelu- ja rentoutumishetken osaksi kiireist\u00e4 arkea.<\/p>\n<h3><span style=\"text-decoration: underline;\">Klassinen pedikyyri<\/span><\/h3>\n<p>Jalkahoitoon kuuluu puhdistava- ja rentouttava jalkakylpy, kuorinta, Jalkapohjien ihonhoito (Kovettumat, k\u00e4ns\u00e4t yms.), kynsinauhojen hoito, kynsien leikkaus, -viilaus, tasoitus (paksuuntuneen tai sis\u00e4\u00e4nkasvaneen kynnen hoito), lakkaus ja jalkaterienhieronta.<\/p>\n<p>Varpaiden kynsihoidossa hoidetaan jalkakylvyn j\u00e4lkeen paksuuntunut- \/ sis\u00e4\u00e4nkasvanut kynsi tai leikataan-, viilataan ja lakataan kynnet<\/p>\n<h3>Kestov\u00e4rill\u00e4 pedikyyri<\/h3>\n<p>Lakkaus on yksinkertainen ja nopea tehd\u00e4, lopputulos on ohut ja kiilt\u00e4v\u00e4. Varpaankynsiss\u00e4 lakkaus pysyy kauniina jopa 2 kuukautta!<\/p>\n","protected":false},"excerpt":{"rendered":"<p>Jalkahoito parantaa jalkojen kuntoa ja ehk\u00e4isee jalkaongelmien synty\u00e4. Jalkaongelmia muodostuu usein huonosti istuvista kengist\u00e4, varpaankynsiongelmista, kuivasta ihosta, ihon kovettumista ja halkeilusta. Jalkojen ihoon ja kynsiin voivat vaikuttaa monet sis\u00e4iset ja ulkoiset tekij\u00e4t kuten perinn\u00f6llinen jalan malli, hikoilu tai seisomaty\u00f6. Jalkojen hyvinvointi on t\u00e4rke\u00e4 osa terveytt\u00e4, koska pienetkin ongelmat jaloissa, kuten hiertym\u00e4t, vaikuttavat k\u00e4velyyn ja yleiseen [&hellip;]<\/p>\n","protected":false},"author":6,"featured_media":0,"parent":0,"menu_order":0,"comment_status":"closed","ping_status":"closed","template":"","meta":{"_uag_custom_page_level_css":"","footnotes":""},"class_list":["post-227","page","type-page","status-publish","hentry"],"blocksy_meta":[],"yoast_head":"<!-- This site is optimized with the Yoast SEO plugin v26.3 - https:\/\/yoast.com\/wordpress\/plugins\/seo\/ -->\n<title>Jalkahoito - P\u00e4rnu<\/title>\n<meta name=\"description\" content=\"Jalkahoito parantaa jalkojen kuntoa ja ehk\u00e4isee jalkaongelmien synty\u00e4. Jalkojen iho on paksumpaa kuin muualla kehossa\" \/>\n<meta name=\"robots\" content=\"noindex, follow, max-snippet:-1, max-image-preview:large, max-video-preview:-1\" \/>\n<meta property=\"og:locale\" content=\"fi_FI\" \/>\n<meta property=\"og:type\" content=\"article\" \/>\n<meta property=\"og:title\" content=\"Jalkahoito - P\u00e4rnu\" \/>\n<meta property=\"og:description\" content=\"Jalkahoito parantaa jalkojen kuntoa ja ehk\u00e4isee jalkaongelmien synty\u00e4. Jalkojen iho on paksumpaa kuin muualla kehossa\" \/>\n<meta property=\"og:url\" content=\"https:\/\/uus.iluteenusedparnus.com\/fi\/jalkahoito-parnu\/\" \/>\n<meta property=\"og:site_name\" content=\"SPES Ilutuba - Ilusalong P&auml;rnus\" \/>\n<meta name=\"twitter:label1\" content=\"Arvioitu lukuaika\" \/>\n\t<meta name=\"twitter:data1\" content=\"1 minuutti\" \/>\n<script type=\"application\/ld+json\" class=\"yoast-schema-graph\">{\"@context\":\"https:\/\/schema.org\",\"@graph\":[{\"@type\":\"WebPage\",\"@id\":\"https:\/\/uus.iluteenusedparnus.com\/fi\/jalkahoito-parnu\/\",\"url\":\"https:\/\/uus.iluteenusedparnus.com\/fi\/jalkahoito-parnu\/\",\"name\":\"Jalkahoito - P\u00e4rnu\",\"isPartOf\":{\"@id\":\"https:\/\/uus.iluteenusedparnus.com\/#website\"},\"datePublished\":\"2013-05-03T09:24:18+00:00\",\"description\":\"Jalkahoito parantaa jalkojen kuntoa ja ehk\u00e4isee jalkaongelmien synty\u00e4. Jalkojen iho on paksumpaa kuin muualla kehossa\",\"breadcrumb\":{\"@id\":\"https:\/\/uus.iluteenusedparnus.com\/fi\/jalkahoito-parnu\/#breadcrumb\"},\"inLanguage\":\"fi\",\"potentialAction\":[{\"@type\":\"ReadAction\",\"target\":[\"https:\/\/uus.iluteenusedparnus.com\/fi\/jalkahoito-parnu\/\"]}]},{\"@type\":\"BreadcrumbList\",\"@id\":\"https:\/\/uus.iluteenusedparnus.com\/fi\/jalkahoito-parnu\/#breadcrumb\",\"itemListElement\":[{\"@type\":\"ListItem\",\"position\":1,\"name\":\"Home\",\"item\":\"https:\/\/uus.iluteenusedparnus.com\/fi\/\"},{\"@type\":\"ListItem\",\"position\":2,\"name\":\"Jalkahoidot\"}]},{\"@type\":\"WebSite\",\"@id\":\"https:\/\/uus.iluteenusedparnus.com\/#website\",\"url\":\"https:\/\/uus.iluteenusedparnus.com\/\",\"name\":\"SPES Ilutuba - Ilusalong P&auml;rnus\",\"description\":\"Juuksur, kosmeetik ja iluteenused\",\"potentialAction\":[{\"@type\":\"SearchAction\",\"target\":{\"@type\":\"EntryPoint\",\"urlTemplate\":\"https:\/\/uus.iluteenusedparnus.com\/?s={search_term_string}\"},\"query-input\":{\"@type\":\"PropertyValueSpecification\",\"valueRequired\":true,\"valueName\":\"search_term_string\"}}],\"inLanguage\":\"fi\"}]}<\/script>\n<!-- \/ Yoast SEO plugin. -->","yoast_head_json":{"title":"Jalkahoito - P\u00e4rnu","description":"Jalkahoito parantaa jalkojen kuntoa ja ehk\u00e4isee jalkaongelmien synty\u00e4. Jalkojen iho on paksumpaa kuin muualla kehossa","robots":{"index":"noindex","follow":"follow","max-snippet":"max-snippet:-1","max-image-preview":"max-image-preview:large","max-video-preview":"max-video-preview:-1"},"og_locale":"fi_FI","og_type":"article","og_title":"Jalkahoito - P\u00e4rnu","og_description":"Jalkahoito parantaa jalkojen kuntoa ja ehk\u00e4isee jalkaongelmien synty\u00e4. Jalkojen iho on paksumpaa kuin muualla kehossa","og_url":"https:\/\/uus.iluteenusedparnus.com\/fi\/jalkahoito-parnu\/","og_site_name":"SPES Ilutuba - Ilusalong P&auml;rnus","twitter_misc":{"Arvioitu lukuaika":"1 minuutti"},"schema":{"@context":"https:\/\/schema.org","@graph":[{"@type":"WebPage","@id":"https:\/\/uus.iluteenusedparnus.com\/fi\/jalkahoito-parnu\/","url":"https:\/\/uus.iluteenusedparnus.com\/fi\/jalkahoito-parnu\/","name":"Jalkahoito - P\u00e4rnu","isPartOf":{"@id":"https:\/\/uus.iluteenusedparnus.com\/#website"},"datePublished":"2013-05-03T09:24:18+00:00","description":"Jalkahoito parantaa jalkojen kuntoa ja ehk\u00e4isee jalkaongelmien synty\u00e4. Jalkojen iho on paksumpaa kuin muualla kehossa","breadcrumb":{"@id":"https:\/\/uus.iluteenusedparnus.com\/fi\/jalkahoito-parnu\/#breadcrumb"},"inLanguage":"fi","potentialAction":[{"@type":"ReadAction","target":["https:\/\/uus.iluteenusedparnus.com\/fi\/jalkahoito-parnu\/"]}]},{"@type":"BreadcrumbList","@id":"https:\/\/uus.iluteenusedparnus.com\/fi\/jalkahoito-parnu\/#breadcrumb","itemListElement":[{"@type":"ListItem","position":1,"name":"Home","item":"https:\/\/uus.iluteenusedparnus.com\/fi\/"},{"@type":"ListItem","position":2,"name":"Jalkahoidot"}]},{"@type":"WebSite","@id":"https:\/\/uus.iluteenusedparnus.com\/#website","url":"https:\/\/uus.iluteenusedparnus.com\/","name":"SPES Ilutuba - Ilusalong P&auml;rnus","description":"Juuksur, kosmeetik ja iluteenused","potentialAction":[{"@type":"SearchAction","target":{"@type":"EntryPoint","urlTemplate":"https:\/\/uus.iluteenusedparnus.com\/?s={search_term_string}"},"query-input":{"@type":"PropertyValueSpecification","valueRequired":true,"valueName":"search_term_string"}}],"inLanguage":"fi"}]}},"uagb_featured_image_src":{"full":false,"thumbnail":false,"medium":false,"medium_large":false,"large":false,"1536x1536":false,"2048x2048":false},"uagb_author_info":{"display_name":"Janek","author_link":"https:\/\/uus.iluteenusedparnus.com\/fi\/author\/janek\/"},"uagb_comment_info":0,"uagb_excerpt":"Jalkahoito parantaa jalkojen kuntoa ja ehk\u00e4isee jalkaongelmien synty\u00e4. Jalkaongelmia muodostuu usein huonosti istuvista kengist\u00e4, varpaankynsiongelmista, kuivasta ihosta, ihon kovettumista ja halkeilusta. Jalkojen ihoon ja kynsiin voivat vaikuttaa monet sis\u00e4iset ja ulkoiset tekij\u00e4t kuten perinn\u00f6llinen jalan malli, hikoilu tai seisomaty\u00f6. Jalkojen hyvinvointi on t\u00e4rke\u00e4 osa terveytt\u00e4, koska pienetkin ongelmat jaloissa, kuten hiertym\u00e4t, vaikuttavat k\u00e4velyyn ja yleiseen&hellip;","_links":{"self":[{"href":"https:\/\/uus.iluteenusedparnus.com\/fi\/wp-json\/wp\/v2\/pages\/227","targetHints":{"allow":["GET"]}}],"collection":[{"href":"https:\/\/uus.iluteenusedparnus.com\/fi\/wp-json\/wp\/v2\/pages"}],"about":[{"href":"https:\/\/uus.iluteenusedparnus.com\/fi\/wp-json\/wp\/v2\/types\/page"}],"author":[{"embeddable":true,"href":"https:\/\/uus.iluteenusedparnus.com\/fi\/wp-json\/wp\/v2\/users\/6"}],"replies":[{"embeddable":true,"href":"https:\/\/uus.iluteenusedparnus.com\/fi\/wp-json\/wp\/v2\/comments?post=227"}],"version-history":[{"count":2,"href":"https:\/\/uus.iluteenusedparnus.com\/fi\/wp-json\/wp\/v2\/pages\/227\/revisions"}],"predecessor-version":[{"id":773,"href":"https:\/\/uus.iluteenusedparnus.com\/fi\/wp-json\/wp\/v2\/pages\/227\/revisions\/773"}],"wp:attachment":[{"href":"https:\/\/uus.iluteenusedparnus.com\/fi\/wp-json\/wp\/v2\/media?parent=227"}],"curies":[{"name":"wp","href":"https:\/\/api.w.org\/{rel}","templated":true}]}}