{"id":225,"date":"2013-05-03T11:21:21","date_gmt":"2013-05-03T09:21:21","guid":{"rendered":"https:\/\/uus.iluteenusedparnus.com\/?page_id=225"},"modified":"2013-05-03T11:21:21","modified_gmt":"2013-05-03T09:21:21","slug":"kasihoidot","status":"publish","type":"page","link":"https:\/\/uus.iluteenusedparnus.com\/fi\/kasihoidot\/","title":{"rendered":"K\u00e4sihoidot"},"content":{"rendered":"<p>K\u00e4det ovat kovalla koetuksella arkisessa aherruksessa ja usein k\u00e4det j\u00e4\u00e4 my\u00f6s vaille p\u00e4ivitt\u00e4ist\u00e4 huolenpitoa. K\u00e4sihoidossa k\u00e4si\u00e4 pehmennet\u00e4\u00e4n, huolletaan, kaunistetaan ja rentoutetaan ihanien hoitotuotteiden, l\u00e4mpimien pyyhkeiden ja hoitavien otteiden avustuksella. K\u00e4sihoitoon kuuluu: kynsien viilaus, pehmitt\u00e4v\u00e4 kynsikylpy ja kynsinauhojen huolittelu<\/p>\n<h3>Kassinen manikyyri<\/h3>\n<p>Manikyyri sisalta kynsien muotoilun, kynsinauhojen siistimisen sek\u00e4 kuorinnan ja hieronnan. Hoidon lopuksi yksiv\u00e4rilakkaus tai ranskalainen lakkaus sek\u00e4 k\u00e4sivoide (1 h)<\/p>\n<p>Kaikkiin k\u00e4sihoitoihin voi halutessaan lis\u00e4t\u00e4 parafiinihoidon (1,5h)<\/p>\n<h3>Kestov\u00e4rill\u00e4manikyyri<\/h3>\n<p>Geelilakkaus on tarkoitettu terveelle luonnonkynnelle. Koska geelilakkaus on yht\u00e4 ohut kuin tavallinen kynsilakka, sill\u00e4 ei voida rakentaa omaa luonnonkyntt\u00e4, t\u00e4m\u00e4 tarkoittaa sit\u00e4 ett\u00e4 kynnen muotoa ja pituutta ei voida geelilakalla muuttaa. Mik\u00e4li luonnonkynnen pinta on hieman ep\u00e4tasainen, t\u00e4t\u00e4 voidaan kuitenkin geelilakkauksella korjata\/peitt\u00e4\u00e4.<\/p>\n<h3>Parafiinihoito k\u00e4sille<\/h3>\n<p>Parafiinihoito on syv\u00e4kosteuttava ja ihoa ravitseva hoito joka vilkastuttaa verenkiertoa ja pehmitt\u00e4\u00e4 j\u00e4nnittyneit\u00e4 lihaksia. Hoito rentouttaa ja lievitt\u00e4\u00e4 kipuja, ravitsee ihoa ja auttaa kuivan ihon hoidossa. Parafiinihoito on hyv\u00e4 apu kylmille k\u00e4sille ja siten parafiinihoito soveltuu erityisen hyvin k\u00e4sien talvihoidoksi<\/p>\n<p><strong>Tervetuloa nauttimaan rentouttavasta k\u00e4sihoidosta!<\/strong><\/p>\n","protected":false},"excerpt":{"rendered":"<p>K\u00e4det ovat kovalla koetuksella arkisessa aherruksessa ja usein k\u00e4det j\u00e4\u00e4 my\u00f6s vaille p\u00e4ivitt\u00e4ist\u00e4 huolenpitoa. K\u00e4sihoidossa k\u00e4si\u00e4 pehmennet\u00e4\u00e4n, huolletaan, kaunistetaan ja rentoutetaan ihanien hoitotuotteiden, l\u00e4mpimien pyyhkeiden ja hoitavien otteiden avustuksella. K\u00e4sihoitoon kuuluu: kynsien viilaus, pehmitt\u00e4v\u00e4 kynsikylpy ja kynsinauhojen huolittelu Kassinen manikyyri Manikyyri sisalta kynsien muotoilun, kynsinauhojen siistimisen sek\u00e4 kuorinnan ja hieronnan. Hoidon lopuksi yksiv\u00e4rilakkaus tai ranskalainen [&hellip;]<\/p>\n","protected":false},"author":6,"featured_media":0,"parent":0,"menu_order":0,"comment_status":"closed","ping_status":"closed","template":"","meta":{"_uag_custom_page_level_css":"","footnotes":""},"class_list":["post-225","page","type-page","status-publish","hentry"],"blocksy_meta":[],"yoast_head":"<!-- This site is optimized with the Yoast SEO plugin v26.3 - https:\/\/yoast.com\/wordpress\/plugins\/seo\/ -->\n<title>K\u00e4sihoidot - P\u00e4rnu<\/title>\n<meta name=\"description\" content=\"K\u00e4sihoidot. Manikyyri sisalta kynsien muotoilun, kynsinauhojen siistimisen sek\u00e4 kuorinnan ja hieronnan. Kaikkiin k\u00e4sihoitoihin voi halutessaan lis\u00e4t\u00e4 parafiinihoidon\" \/>\n<meta name=\"robots\" content=\"noindex, follow, max-snippet:-1, max-image-preview:large, max-video-preview:-1\" \/>\n<meta property=\"og:locale\" content=\"fi_FI\" \/>\n<meta property=\"og:type\" content=\"article\" \/>\n<meta property=\"og:title\" content=\"K\u00e4sihoidot - P\u00e4rnu\" \/>\n<meta property=\"og:description\" content=\"K\u00e4sihoidot. Manikyyri sisalta kynsien muotoilun, kynsinauhojen siistimisen sek\u00e4 kuorinnan ja hieronnan. Kaikkiin k\u00e4sihoitoihin voi halutessaan lis\u00e4t\u00e4 parafiinihoidon\" \/>\n<meta property=\"og:url\" content=\"https:\/\/uus.iluteenusedparnus.com\/fi\/kasihoidot\/\" \/>\n<meta property=\"og:site_name\" content=\"SPES Ilutuba - Ilusalong P&auml;rnus\" \/>\n<meta name=\"twitter:label1\" content=\"Arvioitu lukuaika\" \/>\n\t<meta name=\"twitter:data1\" content=\"1 minuutti\" \/>\n<script type=\"application\/ld+json\" class=\"yoast-schema-graph\">{\"@context\":\"https:\/\/schema.org\",\"@graph\":[{\"@type\":\"WebPage\",\"@id\":\"https:\/\/uus.iluteenusedparnus.com\/fi\/kasihoidot\/\",\"url\":\"https:\/\/uus.iluteenusedparnus.com\/fi\/kasihoidot\/\",\"name\":\"K\u00e4sihoidot - P\u00e4rnu\",\"isPartOf\":{\"@id\":\"https:\/\/uus.iluteenusedparnus.com\/#website\"},\"datePublished\":\"2013-05-03T09:21:21+00:00\",\"description\":\"K\u00e4sihoidot. Manikyyri sisalta kynsien muotoilun, kynsinauhojen siistimisen sek\u00e4 kuorinnan ja hieronnan. Kaikkiin k\u00e4sihoitoihin voi halutessaan lis\u00e4t\u00e4 parafiinihoidon\",\"breadcrumb\":{\"@id\":\"https:\/\/uus.iluteenusedparnus.com\/fi\/kasihoidot\/#breadcrumb\"},\"inLanguage\":\"fi\",\"potentialAction\":[{\"@type\":\"ReadAction\",\"target\":[\"https:\/\/uus.iluteenusedparnus.com\/fi\/kasihoidot\/\"]}]},{\"@type\":\"BreadcrumbList\",\"@id\":\"https:\/\/uus.iluteenusedparnus.com\/fi\/kasihoidot\/#breadcrumb\",\"itemListElement\":[{\"@type\":\"ListItem\",\"position\":1,\"name\":\"Home\",\"item\":\"https:\/\/uus.iluteenusedparnus.com\/fi\/\"},{\"@type\":\"ListItem\",\"position\":2,\"name\":\"K\u00e4sihoidot\"}]},{\"@type\":\"WebSite\",\"@id\":\"https:\/\/uus.iluteenusedparnus.com\/#website\",\"url\":\"https:\/\/uus.iluteenusedparnus.com\/\",\"name\":\"SPES Ilutuba - Ilusalong P&auml;rnus\",\"description\":\"Juuksur, kosmeetik ja iluteenused\",\"potentialAction\":[{\"@type\":\"SearchAction\",\"target\":{\"@type\":\"EntryPoint\",\"urlTemplate\":\"https:\/\/uus.iluteenusedparnus.com\/?s={search_term_string}\"},\"query-input\":{\"@type\":\"PropertyValueSpecification\",\"valueRequired\":true,\"valueName\":\"search_term_string\"}}],\"inLanguage\":\"fi\"}]}<\/script>\n<!-- \/ Yoast SEO plugin. -->","yoast_head_json":{"title":"K\u00e4sihoidot - P\u00e4rnu","description":"K\u00e4sihoidot. Manikyyri sisalta kynsien muotoilun, kynsinauhojen siistimisen sek\u00e4 kuorinnan ja hieronnan. Kaikkiin k\u00e4sihoitoihin voi halutessaan lis\u00e4t\u00e4 parafiinihoidon","robots":{"index":"noindex","follow":"follow","max-snippet":"max-snippet:-1","max-image-preview":"max-image-preview:large","max-video-preview":"max-video-preview:-1"},"og_locale":"fi_FI","og_type":"article","og_title":"K\u00e4sihoidot - P\u00e4rnu","og_description":"K\u00e4sihoidot. Manikyyri sisalta kynsien muotoilun, kynsinauhojen siistimisen sek\u00e4 kuorinnan ja hieronnan. Kaikkiin k\u00e4sihoitoihin voi halutessaan lis\u00e4t\u00e4 parafiinihoidon","og_url":"https:\/\/uus.iluteenusedparnus.com\/fi\/kasihoidot\/","og_site_name":"SPES Ilutuba - Ilusalong P&auml;rnus","twitter_misc":{"Arvioitu lukuaika":"1 minuutti"},"schema":{"@context":"https:\/\/schema.org","@graph":[{"@type":"WebPage","@id":"https:\/\/uus.iluteenusedparnus.com\/fi\/kasihoidot\/","url":"https:\/\/uus.iluteenusedparnus.com\/fi\/kasihoidot\/","name":"K\u00e4sihoidot - P\u00e4rnu","isPartOf":{"@id":"https:\/\/uus.iluteenusedparnus.com\/#website"},"datePublished":"2013-05-03T09:21:21+00:00","description":"K\u00e4sihoidot. Manikyyri sisalta kynsien muotoilun, kynsinauhojen siistimisen sek\u00e4 kuorinnan ja hieronnan. Kaikkiin k\u00e4sihoitoihin voi halutessaan lis\u00e4t\u00e4 parafiinihoidon","breadcrumb":{"@id":"https:\/\/uus.iluteenusedparnus.com\/fi\/kasihoidot\/#breadcrumb"},"inLanguage":"fi","potentialAction":[{"@type":"ReadAction","target":["https:\/\/uus.iluteenusedparnus.com\/fi\/kasihoidot\/"]}]},{"@type":"BreadcrumbList","@id":"https:\/\/uus.iluteenusedparnus.com\/fi\/kasihoidot\/#breadcrumb","itemListElement":[{"@type":"ListItem","position":1,"name":"Home","item":"https:\/\/uus.iluteenusedparnus.com\/fi\/"},{"@type":"ListItem","position":2,"name":"K\u00e4sihoidot"}]},{"@type":"WebSite","@id":"https:\/\/uus.iluteenusedparnus.com\/#website","url":"https:\/\/uus.iluteenusedparnus.com\/","name":"SPES Ilutuba - Ilusalong P&auml;rnus","description":"Juuksur, kosmeetik ja iluteenused","potentialAction":[{"@type":"SearchAction","target":{"@type":"EntryPoint","urlTemplate":"https:\/\/uus.iluteenusedparnus.com\/?s={search_term_string}"},"query-input":{"@type":"PropertyValueSpecification","valueRequired":true,"valueName":"search_term_string"}}],"inLanguage":"fi"}]}},"uagb_featured_image_src":{"full":false,"thumbnail":false,"medium":false,"medium_large":false,"large":false,"1536x1536":false,"2048x2048":false},"uagb_author_info":{"display_name":"Janek","author_link":"https:\/\/uus.iluteenusedparnus.com\/fi\/author\/janek\/"},"uagb_comment_info":0,"uagb_excerpt":"K\u00e4det ovat kovalla koetuksella arkisessa aherruksessa ja usein k\u00e4det j\u00e4\u00e4 my\u00f6s vaille p\u00e4ivitt\u00e4ist\u00e4 huolenpitoa. K\u00e4sihoidossa k\u00e4si\u00e4 pehmennet\u00e4\u00e4n, huolletaan, kaunistetaan ja rentoutetaan ihanien hoitotuotteiden, l\u00e4mpimien pyyhkeiden ja hoitavien otteiden avustuksella. K\u00e4sihoitoon kuuluu: kynsien viilaus, pehmitt\u00e4v\u00e4 kynsikylpy ja kynsinauhojen huolittelu Kassinen manikyyri Manikyyri sisalta kynsien muotoilun, kynsinauhojen siistimisen sek\u00e4 kuorinnan ja hieronnan. Hoidon lopuksi yksiv\u00e4rilakkaus tai ranskalainen&hellip;","_links":{"self":[{"href":"https:\/\/uus.iluteenusedparnus.com\/fi\/wp-json\/wp\/v2\/pages\/225","targetHints":{"allow":["GET"]}}],"collection":[{"href":"https:\/\/uus.iluteenusedparnus.com\/fi\/wp-json\/wp\/v2\/pages"}],"about":[{"href":"https:\/\/uus.iluteenusedparnus.com\/fi\/wp-json\/wp\/v2\/types\/page"}],"author":[{"embeddable":true,"href":"https:\/\/uus.iluteenusedparnus.com\/fi\/wp-json\/wp\/v2\/users\/6"}],"replies":[{"embeddable":true,"href":"https:\/\/uus.iluteenusedparnus.com\/fi\/wp-json\/wp\/v2\/comments?post=225"}],"version-history":[{"count":1,"href":"https:\/\/uus.iluteenusedparnus.com\/fi\/wp-json\/wp\/v2\/pages\/225\/revisions"}],"predecessor-version":[{"id":226,"href":"https:\/\/uus.iluteenusedparnus.com\/fi\/wp-json\/wp\/v2\/pages\/225\/revisions\/226"}],"wp:attachment":[{"href":"https:\/\/uus.iluteenusedparnus.com\/fi\/wp-json\/wp\/v2\/media?parent=225"}],"curies":[{"name":"wp","href":"https:\/\/api.w.org\/{rel}","templated":true}]}}